{"id":5845,"date":"2025-12-04T11:54:26","date_gmt":"2025-12-04T10:54:26","guid":{"rendered":"https:\/\/test.kikaxdesign.hr\/?post_type=product&#038;p=5845"},"modified":"2025-12-12T12:57:56","modified_gmt":"2025-12-12T11:57:56","slug":"drveni-okvir-za-fotografije-rlm-122d","status":"publish","type":"product","link":"https:\/\/test.kikaxdesign.hr\/it\/product\/drveni-okvir-za-fotografije-rlm-122d\/","title":{"rendered":"Drveni okvir za fotografije RLm-122d"},"content":{"rendered":"<p>Drveni okviri od \u0161perplo\u010de sa laserski rezanim raznim dje\u010djim motivima idealan su ro\u0111endanski poklon. Ne sadr\u017ee staklo, ve\u0107 plexiglas, tako da i klinci sami lako odrade bojanje, bez opasnosti da se ozljede. Svi okviri imaju izbu\u0161enu rupicu za vje\u0161anje u okomitom ili vodoravnom polo\u017eaju, naravno ovisno o polo\u017eaju dekora. Fotografija se stavlja umetanjem u utor zajedno sa plexiglasom.<\/p>","protected":false},"excerpt":{"rendered":"<p>Drveni okviri sa pleksiglasom sa raznim dje\u010djim motivima<\/p>","protected":false},"featured_media":3889,"template":"","meta":{"_acf_changed":false},"product_brand":[],"product_cat":[122],"product_tag":[],"class_list":{"0":"post-5845","1":"product","2":"type-product","3":"status-publish","4":"has-post-thumbnail","6":"product_cat-drveni-okviri-maloprodaja","8":"first","9":"instock","10":"taxable","11":"shipping-taxable","12":"purchasable","13":"product-type-bundle"},"bundled_by":[],"bundle_stock_status":"instock","bundle_stock_quantity":"","bundle_virtual":false,"bundle_layout":"default","bundle_add_to_cart_form_location":"default","bundle_editable_in_cart":false,"bundle_sold_individually_context":"product","bundle_item_grouping":"parent","bundle_min_size":"","bundle_max_size":"","bundle_price":{"price":{"min":{"incl_tax":"12.65","excl_tax":"10.12"},"max":{"incl_tax":"20.95","excl_tax":"16.76"}},"regular_price":{"min":{"incl_tax":"12.65","excl_tax":"10.12"},"max":{"incl_tax":"20.95","excl_tax":"16.76"}}},"bundled_items":[{"bundled_item_id":1155,"product_id":3515,"menu_order":0,"quantity_min":1,"quantity_max":1,"quantity_default":1,"priced_individually":true,"shipped_individually":true,"override_title":false,"title":"Laserska gravura loga ili natpisa","override_description":false,"description":"","optional":true,"hide_thumbnail":false,"discount":"","override_variations":false,"allowed_variations":[],"override_default_variation_attributes":false,"default_variation_attributes":[],"single_product_visibility":"visible","cart_visibility":"visible","order_visibility":"visible","single_product_price_visibility":"visible","cart_price_visibility":"visible","order_price_visibility":"visible","stock_status":"in_stock"}],"bundle_sell_ids":[],"exclude_global_add_ons":[],"addons":[],"acf":[],"_links":{"self":[{"href":"https:\/\/test.kikaxdesign.hr\/it\/wp-json\/wp\/v2\/product\/5845","targetHints":{"allow":["GET"]}}],"collection":[{"href":"https:\/\/test.kikaxdesign.hr\/it\/wp-json\/wp\/v2\/product"}],"about":[{"href":"https:\/\/test.kikaxdesign.hr\/it\/wp-json\/wp\/v2\/types\/product"}],"wp:featuredmedia":[{"embeddable":true,"href":"https:\/\/test.kikaxdesign.hr\/it\/wp-json\/wp\/v2\/media\/3889"}],"wp:attachment":[{"href":"https:\/\/test.kikaxdesign.hr\/it\/wp-json\/wp\/v2\/media?parent=5845"}],"wp:term":[{"taxonomy":"product_brand","embeddable":true,"href":"https:\/\/test.kikaxdesign.hr\/it\/wp-json\/wp\/v2\/product_brand?post=5845"},{"taxonomy":"product_cat","embeddable":true,"href":"https:\/\/test.kikaxdesign.hr\/it\/wp-json\/wp\/v2\/product_cat?post=5845"},{"taxonomy":"product_tag","embeddable":true,"href":"https:\/\/test.kikaxdesign.hr\/it\/wp-json\/wp\/v2\/product_tag?post=5845"}],"curies":[{"name":"wp","href":"https:\/\/api.w.org\/{rel}","templated":true}]}}