{"id":5803,"date":"2025-12-03T14:11:34","date_gmt":"2025-12-03T13:11:34","guid":{"rendered":"https:\/\/test.kikaxdesign.hr\/?post_type=product&#038;p=5803"},"modified":"2025-12-12T12:28:44","modified_gmt":"2025-12-12T11:28:44","slug":"drvena-kutija-za-photobook-lakirana-km-311pbv","status":"publish","type":"product","link":"https:\/\/test.kikaxdesign.hr\/it\/product\/drvena-kutija-za-photobook-lakirana-km-311pbv\/","title":{"rendered":"Drvena kutija za photobook lakirana Km-311Pbv"},"content":{"rendered":"<p>Exclusive lakirne kutije za bookove predstavljaju navi\u0161i razred kutija za Photobookove. Rade su u dvije dimenzije, sa prakti\u010dnom ru\u010dkom za no\u0161enje. Crni model u stalnoj ponudi je fini\u0161iran crnim mat lakom, dok se kod bijele varijante radi o sjajnom laku kao zavr\u0161noj obradi, u vi\u0161e slojeva. Kutije serijski dolaze sa unutarnjom bar\u0161unastom oblogom, u imitaciji bru\u0161ene ko\u017ee, koja je na dnu i poklopcu kutije. Kutije su sastavljene sa najkvalitetnijim okovom, zatvara\u010dima visokog sjaja, te kromiranom polugom koja dr\u017ei poklopac pod kutem od cca 110 sutupnjeva po otvaranju. Osim laserske ili cnc gravure, na kutije je mogu\u0107e otisnuti i full color ili pak crno bijelu fotografiju mladenaca UV printom.<\/p>","protected":false},"excerpt":{"rendered":"<p>-premium drvena kutija od masiva javora za photobook 40&#215;30 cm<\/p>","protected":false},"featured_media":4105,"template":"","meta":{"_acf_changed":false},"product_brand":[],"product_cat":[46],"product_tag":[],"class_list":{"0":"post-5803","1":"product","2":"type-product","3":"status-publish","4":"has-post-thumbnail","6":"product_cat-lakirane-drvene-kutije-za-photobookove","8":"first","9":"instock","10":"taxable","11":"shipping-taxable","12":"purchasable","13":"product-type-bundle"},"bundled_by":[],"bundle_stock_status":"instock","bundle_stock_quantity":"","bundle_virtual":false,"bundle_layout":"default","bundle_add_to_cart_form_location":"default","bundle_editable_in_cart":false,"bundle_sold_individually_context":"product","bundle_item_grouping":"parent","bundle_min_size":"","bundle_max_size":"","bundle_price":{"price":{"min":{"incl_tax":"52.35","excl_tax":"41.88"},"max":{"incl_tax":"62.3","excl_tax":"49.84"}},"regular_price":{"min":{"incl_tax":"52.35","excl_tax":"41.88"},"max":{"incl_tax":"62.3","excl_tax":"49.84"}}},"bundled_items":[{"bundled_item_id":1242,"product_id":5943,"menu_order":0,"quantity_min":1,"quantity_max":1,"quantity_default":1,"priced_individually":true,"shipped_individually":true,"override_title":false,"title":"3D CNC gravura","override_description":false,"description":"","optional":true,"hide_thumbnail":false,"discount":"","override_variations":false,"allowed_variations":[],"override_default_variation_attributes":false,"default_variation_attributes":[],"single_product_visibility":"visible","cart_visibility":"visible","order_visibility":"visible","single_product_price_visibility":"visible","cart_price_visibility":"visible","order_price_visibility":"visible","stock_status":"in_stock"}],"bundle_sell_ids":[],"exclude_global_add_ons":[],"addons":[],"acf":[],"_links":{"self":[{"href":"https:\/\/test.kikaxdesign.hr\/it\/wp-json\/wp\/v2\/product\/5803","targetHints":{"allow":["GET"]}}],"collection":[{"href":"https:\/\/test.kikaxdesign.hr\/it\/wp-json\/wp\/v2\/product"}],"about":[{"href":"https:\/\/test.kikaxdesign.hr\/it\/wp-json\/wp\/v2\/types\/product"}],"wp:featuredmedia":[{"embeddable":true,"href":"https:\/\/test.kikaxdesign.hr\/it\/wp-json\/wp\/v2\/media\/4105"}],"wp:attachment":[{"href":"https:\/\/test.kikaxdesign.hr\/it\/wp-json\/wp\/v2\/media?parent=5803"}],"wp:term":[{"taxonomy":"product_brand","embeddable":true,"href":"https:\/\/test.kikaxdesign.hr\/it\/wp-json\/wp\/v2\/product_brand?post=5803"},{"taxonomy":"product_cat","embeddable":true,"href":"https:\/\/test.kikaxdesign.hr\/it\/wp-json\/wp\/v2\/product_cat?post=5803"},{"taxonomy":"product_tag","embeddable":true,"href":"https:\/\/test.kikaxdesign.hr\/it\/wp-json\/wp\/v2\/product_tag?post=5803"}],"curies":[{"name":"wp","href":"https:\/\/api.w.org\/{rel}","templated":true}]}}