{"id":5295,"date":"2025-11-07T22:23:40","date_gmt":"2025-11-07T21:23:40","guid":{"rendered":"https:\/\/test.kikaxdesign.hr\/?post_type=product&#038;p=5295"},"modified":"2025-12-10T11:00:58","modified_gmt":"2025-12-10T10:00:58","slug":"drvena-kutija-za-15l-magnum-bocu-km-104m","status":"publish","type":"product","link":"https:\/\/test.kikaxdesign.hr\/it\/product\/drvena-kutija-za-15l-magnum-bocu-km-104m\/","title":{"rendered":"Drvena kutija za 1,5L magnum bocu Km-104M"},"content":{"rendered":"<p>Preklopne drvene kutije za \u0161ampanjac, rakiju i magnum boce (1,5 i 3L, 5L) predstavljaju pro\u0161ireni program drvenih kutija za boce, a dimenzije odgovaraju ve\u0107ini navedenih boca koje se nalaze na tr\u017ei\u0161tu.<\/p>\n<p>Za magnum 1.5L u ponudi je i model za dvije boce (K-104-2M).<\/p>\n<p>U natur izvedbi pogodne su za lasersko graviranje loga paljenjem, ili pak vi\u0161ebojni direktni UV tisak.<\/p>\n<p>Najnoviji modeli u ponudi su kutije sa kliznim poklopcem za 9L (Salamanzar), 12L (Baltazar) i 15L (Nebukadnezar) boce.<\/p>","protected":false},"excerpt":{"rendered":"<p>&#8211; za magnum bocu, natur preklopni model<\/p>","protected":false},"featured_media":3644,"template":"","meta":{"_acf_changed":false},"product_brand":[],"product_cat":[42],"product_tag":[],"class_list":{"0":"post-5295","1":"product","2":"type-product","3":"status-publish","4":"has-post-thumbnail","6":"product_cat-drvene-kutije-i-nosiljke-za-vina-i-rakije","8":"first","9":"instock","10":"taxable","11":"shipping-taxable","12":"purchasable","13":"product-type-bundle"},"bundled_by":[],"bundle_stock_status":"instock","bundle_stock_quantity":"","bundle_virtual":false,"bundle_layout":"default","bundle_add_to_cart_form_location":"default","bundle_editable_in_cart":false,"bundle_sold_individually_context":"product","bundle_item_grouping":"parent","bundle_min_size":"","bundle_max_size":"","bundle_price":{"price":{"min":{"incl_tax":"18.45","excl_tax":"14.76"},"max":{"incl_tax":"28","excl_tax":"22.4"}},"regular_price":{"min":{"incl_tax":"18.45","excl_tax":"14.76"},"max":{"incl_tax":"28","excl_tax":"22.4"}}},"bundled_items":[{"bundled_item_id":879,"product_id":3515,"menu_order":0,"quantity_min":1,"quantity_max":1,"quantity_default":1,"priced_individually":true,"shipped_individually":true,"override_title":false,"title":"Laserska gravura","override_description":false,"description":"","optional":true,"hide_thumbnail":false,"discount":"","override_variations":false,"allowed_variations":[],"override_default_variation_attributes":false,"default_variation_attributes":[],"single_product_visibility":"visible","cart_visibility":"visible","order_visibility":"visible","single_product_price_visibility":"visible","cart_price_visibility":"visible","order_price_visibility":"visible","stock_status":"in_stock"},{"bundled_item_id":880,"product_id":3513,"menu_order":1,"quantity_min":1,"quantity_max":1,"quantity_default":1,"priced_individually":true,"shipped_individually":false,"override_title":false,"title":"Ispuna dekorativnom drvenom vunicom","override_description":false,"description":"","optional":true,"hide_thumbnail":false,"discount":"","override_variations":false,"allowed_variations":[],"override_default_variation_attributes":false,"default_variation_attributes":[],"single_product_visibility":"visible","cart_visibility":"visible","order_visibility":"visible","single_product_price_visibility":"visible","cart_price_visibility":"visible","order_price_visibility":"visible","stock_status":"in_stock"}],"bundle_sell_ids":[],"exclude_global_add_ons":[],"addons":[],"acf":[],"_links":{"self":[{"href":"https:\/\/test.kikaxdesign.hr\/it\/wp-json\/wp\/v2\/product\/5295","targetHints":{"allow":["GET"]}}],"collection":[{"href":"https:\/\/test.kikaxdesign.hr\/it\/wp-json\/wp\/v2\/product"}],"about":[{"href":"https:\/\/test.kikaxdesign.hr\/it\/wp-json\/wp\/v2\/types\/product"}],"wp:featuredmedia":[{"embeddable":true,"href":"https:\/\/test.kikaxdesign.hr\/it\/wp-json\/wp\/v2\/media\/3644"}],"wp:attachment":[{"href":"https:\/\/test.kikaxdesign.hr\/it\/wp-json\/wp\/v2\/media?parent=5295"}],"wp:term":[{"taxonomy":"product_brand","embeddable":true,"href":"https:\/\/test.kikaxdesign.hr\/it\/wp-json\/wp\/v2\/product_brand?post=5295"},{"taxonomy":"product_cat","embeddable":true,"href":"https:\/\/test.kikaxdesign.hr\/it\/wp-json\/wp\/v2\/product_cat?post=5295"},{"taxonomy":"product_tag","embeddable":true,"href":"https:\/\/test.kikaxdesign.hr\/it\/wp-json\/wp\/v2\/product_tag?post=5295"}],"curies":[{"name":"wp","href":"https:\/\/api.w.org\/{rel}","templated":true}]}}