{"id":4283,"date":"2025-10-12T21:44:43","date_gmt":"2025-10-12T19:44:43","guid":{"rendered":"https:\/\/test.kikaxdesign.hr\/?post_type=product&#038;p=4283"},"modified":"2025-12-10T11:01:00","modified_gmt":"2025-12-10T10:01:00","slug":"drveni-sanduk-za-poslovne-poklone-paljeni-km-108p","status":"publish","type":"product","link":"https:\/\/test.kikaxdesign.hr\/it\/product\/drveni-sanduk-za-poslovne-poklone-paljeni-km-108p\/","title":{"rendered":"Drveni sanduk za poslovne poklone &#8211; paljeni Km-108p"},"content":{"rendered":"<p>Drvene ki\u0161trice (ka\u0161etice) i ukrasni sanduci vi\u0161enamjenska su ambala\u017ea, koja se prvenstveno koristi za pakiranje raznim paketa za poslovne poklone, od onih najve\u0107ih (K-108v) pa do najmanjih (K-118m). Najprodavaniji model K-108 izra\u0111ujemo i u paljenoj verziji, a zapreminom odgovara pakiranju do 5 butelja. Upotpunjen rafijom ili slamom koju tako\u0111er mo\u017eemo ispou\u010diti u paketu sa sanducima, te gravurom koja se u ovom slu\u010daju aplicira kao zasebna drvena podloga razli\u010ditih kontura, predstavlja uistinu unikatan poslovni poklon.<\/p>","protected":false},"excerpt":{"rendered":"<ul>\n<li>&#8211; sa kliznim poklopcem i ru\u010dkama od prirodne konoplje<\/li>\n<\/ul>","protected":false},"featured_media":4284,"template":"","meta":{"_acf_changed":false},"product_brand":[],"product_cat":[135],"product_tag":[],"class_list":{"0":"post-4283","1":"product","2":"type-product","3":"status-publish","4":"has-post-thumbnail","6":"product_cat-drveni-ukrasni-sanduci-i-kistrice-za-poklone","8":"first","9":"instock","10":"taxable","11":"shipping-taxable","12":"purchasable","13":"product-type-bundle"},"bundled_by":[],"bundle_stock_status":"instock","bundle_stock_quantity":"","bundle_virtual":false,"bundle_layout":"default","bundle_add_to_cart_form_location":"default","bundle_editable_in_cart":false,"bundle_sold_individually_context":"product","bundle_item_grouping":"parent","bundle_min_size":"","bundle_max_size":"","bundle_price":{"price":{"min":{"incl_tax":"27.86","excl_tax":"22.29"},"max":{"incl_tax":"37.41","excl_tax":"29.93"}},"regular_price":{"min":{"incl_tax":"27.86","excl_tax":"22.29"},"max":{"incl_tax":"37.41","excl_tax":"29.93"}}},"bundled_items":[{"bundled_item_id":477,"product_id":3515,"menu_order":0,"quantity_min":1,"quantity_max":1,"quantity_default":1,"priced_individually":true,"shipped_individually":true,"override_title":false,"title":"Laserska gravura","override_description":false,"description":"","optional":true,"hide_thumbnail":false,"discount":"","override_variations":false,"allowed_variations":[],"override_default_variation_attributes":false,"default_variation_attributes":[],"single_product_visibility":"visible","cart_visibility":"visible","order_visibility":"visible","single_product_price_visibility":"visible","cart_price_visibility":"visible","order_price_visibility":"visible","stock_status":"in_stock"},{"bundled_item_id":478,"product_id":3513,"menu_order":1,"quantity_min":1,"quantity_max":1,"quantity_default":1,"priced_individually":true,"shipped_individually":false,"override_title":false,"title":"Ispuna dekorativnom drvenom vunicom","override_description":false,"description":"","optional":true,"hide_thumbnail":false,"discount":"","override_variations":false,"allowed_variations":[],"override_default_variation_attributes":false,"default_variation_attributes":[],"single_product_visibility":"visible","cart_visibility":"visible","order_visibility":"visible","single_product_price_visibility":"visible","cart_price_visibility":"visible","order_price_visibility":"visible","stock_status":"in_stock"}],"bundle_sell_ids":[],"exclude_global_add_ons":[],"addons":[],"acf":[],"_links":{"self":[{"href":"https:\/\/test.kikaxdesign.hr\/it\/wp-json\/wp\/v2\/product\/4283","targetHints":{"allow":["GET"]}}],"collection":[{"href":"https:\/\/test.kikaxdesign.hr\/it\/wp-json\/wp\/v2\/product"}],"about":[{"href":"https:\/\/test.kikaxdesign.hr\/it\/wp-json\/wp\/v2\/types\/product"}],"wp:featuredmedia":[{"embeddable":true,"href":"https:\/\/test.kikaxdesign.hr\/it\/wp-json\/wp\/v2\/media\/4284"}],"wp:attachment":[{"href":"https:\/\/test.kikaxdesign.hr\/it\/wp-json\/wp\/v2\/media?parent=4283"}],"wp:term":[{"taxonomy":"product_brand","embeddable":true,"href":"https:\/\/test.kikaxdesign.hr\/it\/wp-json\/wp\/v2\/product_brand?post=4283"},{"taxonomy":"product_cat","embeddable":true,"href":"https:\/\/test.kikaxdesign.hr\/it\/wp-json\/wp\/v2\/product_cat?post=4283"},{"taxonomy":"product_tag","embeddable":true,"href":"https:\/\/test.kikaxdesign.hr\/it\/wp-json\/wp\/v2\/product_tag?post=4283"}],"curies":[{"name":"wp","href":"https:\/\/api.w.org\/{rel}","templated":true}]}}