{"id":3819,"date":"2025-10-11T22:22:01","date_gmt":"2025-10-11T20:22:01","guid":{"rendered":"https:\/\/test.kikaxdesign.hr\/?post_type=product&#038;p=3819"},"modified":"2025-12-11T11:52:49","modified_gmt":"2025-12-11T10:52:49","slug":"drvena-rustikalna-kutija-km-304c-2","status":"publish","type":"product","link":"https:\/\/test.kikaxdesign.hr\/it\/product\/drvena-rustikalna-kutija-km-304c-2\/","title":{"rendered":"Drvena rustikalna kutija Km-304c"},"content":{"rendered":"<p>Rustikalne drvene kutije za boce su proizvod van kategorije svega \u0161to se nalazi na tr\u017ei\u0161tu drvene ambala\u017ee za vina. Radi se o izvorno na\u0161em dizajnu ekskluzivnih kutija za 1 i 2 boce, sa metalnim okovom, idelane za zavr\u0161no CNC graviranje loga ili natpisa. Modele drvenih kutija za 2 boce u boji oraha i crvenog vina dr\u017eimo gotove u stalnoj ponudi, dok se modeli za 1 bocu rade po narud\u017ebi samo za ve\u0107e koli\u010dine.<\/p>","protected":false},"excerpt":{"rendered":"<p>Premium poklon lakirana kutija veli\u010dine 2 butelje, sa lokotom i klju\u010di\u0107em<\/p>","protected":false},"featured_media":3820,"template":"","meta":{"_acf_changed":false},"product_brand":[],"product_cat":[118],"product_tag":[],"class_list":{"0":"post-3819","1":"product","2":"type-product","3":"status-publish","4":"has-post-thumbnail","6":"product_cat-drvene-kutije-za-poklone-sa-ili-bez-natpisa","8":"first","9":"instock","10":"taxable","11":"shipping-taxable","12":"purchasable","13":"product-type-bundle"},"bundled_by":[],"bundle_stock_status":"instock","bundle_stock_quantity":"","bundle_virtual":false,"bundle_layout":"default","bundle_add_to_cart_form_location":"default","bundle_editable_in_cart":false,"bundle_sold_individually_context":"product","bundle_item_grouping":"parent","bundle_min_size":"","bundle_max_size":"","bundle_price":{"price":{"min":{"incl_tax":"55.89","excl_tax":"44.71"},"max":{"incl_tax":"67.09","excl_tax":"53.67"}},"regular_price":{"min":{"incl_tax":"55.89","excl_tax":"44.71"},"max":{"incl_tax":"67.09","excl_tax":"53.67"}}},"bundled_items":[{"bundled_item_id":1245,"product_id":5943,"menu_order":0,"quantity_min":1,"quantity_max":1,"quantity_default":1,"priced_individually":true,"shipped_individually":true,"override_title":false,"title":"3D CNC gravura","override_description":false,"description":"","optional":true,"hide_thumbnail":false,"discount":"","override_variations":false,"allowed_variations":[],"override_default_variation_attributes":false,"default_variation_attributes":[],"single_product_visibility":"visible","cart_visibility":"visible","order_visibility":"visible","single_product_price_visibility":"visible","cart_price_visibility":"visible","order_price_visibility":"visible","stock_status":"in_stock"},{"bundled_item_id":180,"product_id":3513,"menu_order":1,"quantity_min":1,"quantity_max":1,"quantity_default":1,"priced_individually":true,"shipped_individually":false,"override_title":false,"title":"Ispuna dekorativnom drvenom vunicom","override_description":false,"description":"","optional":true,"hide_thumbnail":false,"discount":"","override_variations":false,"allowed_variations":[],"override_default_variation_attributes":false,"default_variation_attributes":[],"single_product_visibility":"visible","cart_visibility":"visible","order_visibility":"visible","single_product_price_visibility":"visible","cart_price_visibility":"visible","order_price_visibility":"visible","stock_status":"in_stock"}],"bundle_sell_ids":[],"exclude_global_add_ons":[],"addons":[],"acf":[],"_links":{"self":[{"href":"https:\/\/test.kikaxdesign.hr\/it\/wp-json\/wp\/v2\/product\/3819","targetHints":{"allow":["GET"]}}],"collection":[{"href":"https:\/\/test.kikaxdesign.hr\/it\/wp-json\/wp\/v2\/product"}],"about":[{"href":"https:\/\/test.kikaxdesign.hr\/it\/wp-json\/wp\/v2\/types\/product"}],"wp:featuredmedia":[{"embeddable":true,"href":"https:\/\/test.kikaxdesign.hr\/it\/wp-json\/wp\/v2\/media\/3820"}],"wp:attachment":[{"href":"https:\/\/test.kikaxdesign.hr\/it\/wp-json\/wp\/v2\/media?parent=3819"}],"wp:term":[{"taxonomy":"product_brand","embeddable":true,"href":"https:\/\/test.kikaxdesign.hr\/it\/wp-json\/wp\/v2\/product_brand?post=3819"},{"taxonomy":"product_cat","embeddable":true,"href":"https:\/\/test.kikaxdesign.hr\/it\/wp-json\/wp\/v2\/product_cat?post=3819"},{"taxonomy":"product_tag","embeddable":true,"href":"https:\/\/test.kikaxdesign.hr\/it\/wp-json\/wp\/v2\/product_tag?post=3819"}],"curies":[{"name":"wp","href":"https:\/\/api.w.org\/{rel}","templated":true}]}}