{"id":5810,"date":"2025-12-03T14:20:32","date_gmt":"2025-12-03T13:20:32","guid":{"rendered":"https:\/\/test.kikaxdesign.hr\/?post_type=product&#038;p=5810"},"modified":"2025-12-12T12:31:33","modified_gmt":"2025-12-12T11:31:33","slug":"drveni-kovceg-za-photobook-krm-111pb3020","status":"publish","type":"product","link":"https:\/\/test.kikaxdesign.hr\/en\/product\/drveni-kovceg-za-photobook-krm-111pb3020\/","title":{"rendered":"Drveni kov\u010deg za photobook Krm-111Pb3020"},"content":{"rendered":"<p>Drvene kutije za bookove sa ru\u010dkom od prirodnog pletenog materijala u stalnoj ponudi su u dvije dimenzije, za bookove\u00a0 30*30 cm, te 40*30 cm. Modeli KR sa ru\u010dkom su prakti\u010dni modeli kutija za Wedding bookove s obzirom da nema potrebe za dodatno vre\u0107icom za no\u0161enje knjige i kutije, ve\u0107 kutija ujedno slu\u017ei i kao kov\u010deg za no\u0161enje. Za razliku od klasi\u010dnih kutija, kov\u010deg ima dvije \u010dvrste kukice umjesto klik zatvara\u010da koje onemogu\u0107avaju nehoti\u010dno otvaranje prilikom no\u0161enja. Kao i kod drugi natur modela, preporu\u010da se kompletiranje kutije sa laserskom gravurom.<\/p>","protected":false},"excerpt":{"rendered":"<p>Preklopni drveni kov\u010deg za book 30&#215;20 cm<\/p>","protected":false},"featured_media":4079,"template":"","meta":{"_acf_changed":false},"product_brand":[],"product_cat":[44],"product_tag":[],"class_list":{"0":"post-5810","1":"product","2":"type-product","3":"status-publish","4":"has-post-thumbnail","6":"product_cat-drvene-kutije-sa-ruckom-za-nosenje-kovcezi","8":"first","9":"instock","10":"taxable","11":"shipping-taxable","12":"purchasable","13":"product-type-bundle"},"bundled_by":[],"bundle_stock_status":"instock","bundle_stock_quantity":"","bundle_virtual":false,"bundle_layout":"default","bundle_add_to_cart_form_location":"default","bundle_editable_in_cart":false,"bundle_sold_individually_context":"product","bundle_item_grouping":"parent","bundle_min_size":"","bundle_max_size":"","bundle_price":{"price":{"min":{"incl_tax":"22.94","excl_tax":"18.35"},"max":{"incl_tax":"31.24","excl_tax":"24.99"}},"regular_price":{"min":{"incl_tax":"22.94","excl_tax":"18.35"},"max":{"incl_tax":"31.24","excl_tax":"24.99"}}},"bundled_items":[{"bundled_item_id":1085,"product_id":3515,"menu_order":0,"quantity_min":1,"quantity_max":1,"quantity_default":1,"priced_individually":true,"shipped_individually":true,"override_title":false,"title":"Laser engraving of logos or inscriptions","override_description":false,"description":"","optional":true,"hide_thumbnail":false,"discount":"","override_variations":false,"allowed_variations":[],"override_default_variation_attributes":false,"default_variation_attributes":[],"single_product_visibility":"visible","cart_visibility":"visible","order_visibility":"visible","single_product_price_visibility":"visible","cart_price_visibility":"visible","order_price_visibility":"visible","stock_status":"in_stock"}],"bundle_sell_ids":[],"exclude_global_add_ons":[],"addons":[],"acf":[],"_links":{"self":[{"href":"https:\/\/test.kikaxdesign.hr\/en\/wp-json\/wp\/v2\/product\/5810","targetHints":{"allow":["GET"]}}],"collection":[{"href":"https:\/\/test.kikaxdesign.hr\/en\/wp-json\/wp\/v2\/product"}],"about":[{"href":"https:\/\/test.kikaxdesign.hr\/en\/wp-json\/wp\/v2\/types\/product"}],"wp:featuredmedia":[{"embeddable":true,"href":"https:\/\/test.kikaxdesign.hr\/en\/wp-json\/wp\/v2\/media\/4079"}],"wp:attachment":[{"href":"https:\/\/test.kikaxdesign.hr\/en\/wp-json\/wp\/v2\/media?parent=5810"}],"wp:term":[{"taxonomy":"product_brand","embeddable":true,"href":"https:\/\/test.kikaxdesign.hr\/en\/wp-json\/wp\/v2\/product_brand?post=5810"},{"taxonomy":"product_cat","embeddable":true,"href":"https:\/\/test.kikaxdesign.hr\/en\/wp-json\/wp\/v2\/product_cat?post=5810"},{"taxonomy":"product_tag","embeddable":true,"href":"https:\/\/test.kikaxdesign.hr\/en\/wp-json\/wp\/v2\/product_tag?post=5810"}],"curies":[{"name":"wp","href":"https:\/\/api.w.org\/{rel}","templated":true}]}}