{"id":5776,"date":"2025-12-03T13:15:25","date_gmt":"2025-12-03T12:15:25","guid":{"rendered":"https:\/\/test.kikaxdesign.hr\/?post_type=product&#038;p=5776"},"modified":"2025-12-10T11:00:50","modified_gmt":"2025-12-10T10:00:50","slug":"drveni-stalak-za-cijenik-i-letke-km-331a","status":"publish","type":"product","link":"https:\/\/test.kikaxdesign.hr\/en\/product\/drveni-stalak-za-cijenik-i-letke-km-331a\/","title":{"rendered":"Wooden stand for price list and leaflets Km-331a"},"content":{"rendered":"<p>Sa dosada proizvedenih preko 3500 stalaka za cijenik\/\u0161e\u0107er za ugostiteljske stolove, od koji neki krase najluksuznije restorane i barove Hrvatske,\u00a0 u stanju smo u vrlo kratkim rokovima isporu\u010diti ve\u0107e koli\u010dine custom made stalaka prilago\u0111enih bojom bajca inventaru ugostiteljskog objekta. Bilo u sjajnom ili mat fini\u0161u, UV otpornom laku za vanjske terase, ru\u010dno bajcani stalci od masiva jasena, sa va\u0161im logom, lako se uklapaju u svaki ambijent, \u010dine\u010di ga jo\u0161 luksuznijim.<\/p>","protected":false},"excerpt":{"rendered":"<p>&#8211; izrada po narud\u017ebi za koli\u010dine od minimalno 30 komada<\/p>","protected":false},"featured_media":4220,"template":"","meta":{"_acf_changed":false},"product_brand":[],"product_cat":[133],"product_tag":[],"class_list":{"0":"post-5776","1":"product","2":"type-product","3":"status-publish","4":"has-post-thumbnail","6":"product_cat-drveni-program-za-ugostiteljstvo","8":"first","9":"instock","10":"taxable","11":"shipping-taxable","12":"purchasable","13":"product-type-bundle"},"bundled_by":[],"bundle_stock_status":"instock","bundle_stock_quantity":"","bundle_virtual":false,"bundle_layout":"default","bundle_add_to_cart_form_location":"default","bundle_editable_in_cart":false,"bundle_sold_individually_context":"product","bundle_item_grouping":"parent","bundle_min_size":"","bundle_max_size":"","bundle_price":{"price":{"min":{"incl_tax":"15.84","excl_tax":"12.67"},"max":{"incl_tax":"25.39","excl_tax":"20.31"}},"regular_price":{"min":{"incl_tax":"15.84","excl_tax":"12.67"},"max":{"incl_tax":"25.39","excl_tax":"20.31"}}},"bundled_items":[{"bundled_item_id":1017,"product_id":3515,"menu_order":0,"quantity_min":1,"quantity_max":1,"quantity_default":1,"priced_individually":true,"shipped_individually":true,"override_title":false,"title":"Laser engraving of logos or inscriptions","override_description":false,"description":"","optional":true,"hide_thumbnail":false,"discount":"","override_variations":false,"allowed_variations":[],"override_default_variation_attributes":false,"default_variation_attributes":[],"single_product_visibility":"visible","cart_visibility":"visible","order_visibility":"visible","single_product_price_visibility":"visible","cart_price_visibility":"visible","order_price_visibility":"visible","stock_status":"in_stock"},{"bundled_item_id":1018,"product_id":3513,"menu_order":1,"quantity_min":1,"quantity_max":1,"quantity_default":1,"priced_individually":true,"shipped_individually":false,"override_title":false,"title":"Filling with decorative wood wool","override_description":false,"description":"","optional":true,"hide_thumbnail":false,"discount":"","override_variations":false,"allowed_variations":[],"override_default_variation_attributes":false,"default_variation_attributes":[],"single_product_visibility":"visible","cart_visibility":"visible","order_visibility":"visible","single_product_price_visibility":"visible","cart_price_visibility":"visible","order_price_visibility":"visible","stock_status":"in_stock"}],"bundle_sell_ids":[],"exclude_global_add_ons":[],"addons":[],"acf":[],"_links":{"self":[{"href":"https:\/\/test.kikaxdesign.hr\/en\/wp-json\/wp\/v2\/product\/5776","targetHints":{"allow":["GET"]}}],"collection":[{"href":"https:\/\/test.kikaxdesign.hr\/en\/wp-json\/wp\/v2\/product"}],"about":[{"href":"https:\/\/test.kikaxdesign.hr\/en\/wp-json\/wp\/v2\/types\/product"}],"wp:featuredmedia":[{"embeddable":true,"href":"https:\/\/test.kikaxdesign.hr\/en\/wp-json\/wp\/v2\/media\/4220"}],"wp:attachment":[{"href":"https:\/\/test.kikaxdesign.hr\/en\/wp-json\/wp\/v2\/media?parent=5776"}],"wp:term":[{"taxonomy":"product_brand","embeddable":true,"href":"https:\/\/test.kikaxdesign.hr\/en\/wp-json\/wp\/v2\/product_brand?post=5776"},{"taxonomy":"product_cat","embeddable":true,"href":"https:\/\/test.kikaxdesign.hr\/en\/wp-json\/wp\/v2\/product_cat?post=5776"},{"taxonomy":"product_tag","embeddable":true,"href":"https:\/\/test.kikaxdesign.hr\/en\/wp-json\/wp\/v2\/product_tag?post=5776"}],"curies":[{"name":"wp","href":"https:\/\/api.w.org\/{rel}","templated":true}]}}