{"id":5758,"date":"2025-12-03T12:50:16","date_gmt":"2025-12-03T11:50:16","guid":{"rendered":"https:\/\/test.kikaxdesign.hr\/?post_type=product&#038;p=5758"},"modified":"2025-12-10T11:00:52","modified_gmt":"2025-12-10T10:00:52","slug":"drvena-skrinjica-km-203c","status":"publish","type":"product","link":"https:\/\/test.kikaxdesign.hr\/en\/product\/drvena-skrinjica-km-203c\/","title":{"rendered":"Wooden chest Km-203c"},"content":{"rendered":"<p>Gusarske \u0161krinje napravljene su od masiva borovca, u kombinaciji sa \u0161perpo\u010dom bora ili breze. Uz impregnaciju sa dvije nijanse lazure, okovane su metalnim okovima sa ukrasnim \u010davli\u0107ima. Ve\u0107i modeli se rado koriste kao dodatni rustikalni ormar za odje\u0107u ili razne druge stvari, dok manji modeli vi\u0161e slu\u017ee kao unikatni poklon prigodom ro\u0111endana, svadbi te drugih sve\u010danosti. Tom prilikom na \u0161krinjice mo\u017eemo ugravirati (na plo\u010dici od istog materijala koja se ljepi na poklopac) i rezne posvete, kao trajnu uspomenu. Unutranji djelovi \u0161krinje su u natur varijanti, neobojani. Osim dimenzija iz tablice, koje se mogu naru\u010diti pojedina\u010dno, \u0161krnje se mogu napraviti i po dimnzijama kupca, ali samo u koli\u010dini ve\u0107oj od 30 komada.<\/p>","protected":false},"excerpt":{"rendered":"<p>&#8211; kompaktna gusarska \u0161krinjica za razne poklon prigode, s bravicom sa klju\u010dem<\/p>","protected":false},"featured_media":4319,"template":"","meta":{"_acf_changed":false},"product_brand":[],"product_cat":[136],"product_tag":[],"class_list":{"0":"post-5758","1":"product","2":"type-product","3":"status-publish","4":"has-post-thumbnail","6":"product_cat-gusarske-i-natur-skrinje-maloprodaja","8":"first","9":"instock","10":"taxable","11":"shipping-taxable","12":"purchasable","13":"product-type-bundle"},"bundled_by":[],"bundle_stock_status":"instock","bundle_stock_quantity":"","bundle_virtual":false,"bundle_layout":"default","bundle_add_to_cart_form_location":"default","bundle_editable_in_cart":false,"bundle_sold_individually_context":"product","bundle_item_grouping":"parent","bundle_min_size":"","bundle_max_size":"","bundle_price":{"price":{"min":{"incl_tax":"59.13","excl_tax":"47.30"},"max":{"incl_tax":"68.68","excl_tax":"54.94"}},"regular_price":{"min":{"incl_tax":"59.13","excl_tax":"47.30"},"max":{"incl_tax":"68.68","excl_tax":"54.94"}}},"bundled_items":[{"bundled_item_id":981,"product_id":3515,"menu_order":0,"quantity_min":1,"quantity_max":1,"quantity_default":1,"priced_individually":true,"shipped_individually":true,"override_title":false,"title":"Laser engraving of logos or inscriptions","override_description":false,"description":"","optional":true,"hide_thumbnail":false,"discount":"","override_variations":false,"allowed_variations":[],"override_default_variation_attributes":false,"default_variation_attributes":[],"single_product_visibility":"visible","cart_visibility":"visible","order_visibility":"visible","single_product_price_visibility":"visible","cart_price_visibility":"visible","order_price_visibility":"visible","stock_status":"in_stock"},{"bundled_item_id":982,"product_id":3513,"menu_order":1,"quantity_min":1,"quantity_max":1,"quantity_default":1,"priced_individually":true,"shipped_individually":false,"override_title":false,"title":"Filling with decorative wood wool","override_description":false,"description":"","optional":true,"hide_thumbnail":false,"discount":"","override_variations":false,"allowed_variations":[],"override_default_variation_attributes":false,"default_variation_attributes":[],"single_product_visibility":"visible","cart_visibility":"visible","order_visibility":"visible","single_product_price_visibility":"visible","cart_price_visibility":"visible","order_price_visibility":"visible","stock_status":"in_stock"}],"bundle_sell_ids":[],"exclude_global_add_ons":[],"addons":[],"acf":[],"_links":{"self":[{"href":"https:\/\/test.kikaxdesign.hr\/en\/wp-json\/wp\/v2\/product\/5758","targetHints":{"allow":["GET"]}}],"collection":[{"href":"https:\/\/test.kikaxdesign.hr\/en\/wp-json\/wp\/v2\/product"}],"about":[{"href":"https:\/\/test.kikaxdesign.hr\/en\/wp-json\/wp\/v2\/types\/product"}],"wp:featuredmedia":[{"embeddable":true,"href":"https:\/\/test.kikaxdesign.hr\/en\/wp-json\/wp\/v2\/media\/4319"}],"wp:attachment":[{"href":"https:\/\/test.kikaxdesign.hr\/en\/wp-json\/wp\/v2\/media?parent=5758"}],"wp:term":[{"taxonomy":"product_brand","embeddable":true,"href":"https:\/\/test.kikaxdesign.hr\/en\/wp-json\/wp\/v2\/product_brand?post=5758"},{"taxonomy":"product_cat","embeddable":true,"href":"https:\/\/test.kikaxdesign.hr\/en\/wp-json\/wp\/v2\/product_cat?post=5758"},{"taxonomy":"product_tag","embeddable":true,"href":"https:\/\/test.kikaxdesign.hr\/en\/wp-json\/wp\/v2\/product_tag?post=5758"}],"curies":[{"name":"wp","href":"https:\/\/api.w.org\/{rel}","templated":true}]}}