{"id":5737,"date":"2025-12-03T12:19:55","date_gmt":"2025-12-03T11:19:55","guid":{"rendered":"https:\/\/test.kikaxdesign.hr\/?post_type=product&#038;p=5737"},"modified":"2025-12-12T12:37:04","modified_gmt":"2025-12-12T11:37:04","slug":"drveni-svijecnjak-set-sa-podlogom-km-101k-kopiraj-2","status":"publish","type":"product","link":"https:\/\/test.kikaxdesign.hr\/en\/product\/drveni-svijecnjak-set-sa-podlogom-km-101k-kopiraj-2\/","title":{"rendered":"Drveni svije\u0107njak set sa podlogom Km-101k"},"content":{"rendered":"<p>Svje\u0107njaci za lu\u010dice proizvode se u dvije dimenizje, kvadratni te plosni, koji se prodaju pojedina\u010dno ili pak u setu sa podlo\u0161kom kao adventski sa 4 razli\u010dite visine. Napravljeni su od masiva, sa rupom Fi 40mm prilago\u0111enom za postavljanje lu\u010dica.<\/p>","protected":false},"excerpt":{"rendered":"<p>&#8211; set 4 svije\u0107njaka za lu\u010dice sa podlo\u0161kom, od 8 do 14 cm visine<\/p>","protected":false},"featured_media":4377,"template":"","meta":{"_acf_changed":false},"product_brand":[],"product_cat":[137],"product_tag":[],"class_list":{"0":"post-5737","1":"product","2":"type-product","3":"status-publish","4":"has-post-thumbnail","6":"product_cat-ostali-drveni-poklon-proizvodi","8":"first","9":"instock","10":"taxable","11":"shipping-taxable","12":"purchasable","13":"product-type-bundle"},"bundled_by":[],"bundle_stock_status":"instock","bundle_stock_quantity":"","bundle_virtual":false,"bundle_layout":"default","bundle_add_to_cart_form_location":"default","bundle_editable_in_cart":false,"bundle_sold_individually_context":"product","bundle_item_grouping":"parent","bundle_min_size":"","bundle_max_size":"","bundle_price":{"price":{"min":{"incl_tax":"17.29","excl_tax":"13.83"},"max":{"incl_tax":"25.59","excl_tax":"20.47"}},"regular_price":{"min":{"incl_tax":"17.29","excl_tax":"13.83"},"max":{"incl_tax":"25.59","excl_tax":"20.47"}}},"bundled_items":[{"bundled_item_id":939,"product_id":3515,"menu_order":0,"quantity_min":1,"quantity_max":1,"quantity_default":1,"priced_individually":true,"shipped_individually":true,"override_title":false,"title":"Laser engraving of logos or inscriptions","override_description":false,"description":"","optional":true,"hide_thumbnail":false,"discount":"","override_variations":false,"allowed_variations":[],"override_default_variation_attributes":false,"default_variation_attributes":[],"single_product_visibility":"visible","cart_visibility":"visible","order_visibility":"visible","single_product_price_visibility":"visible","cart_price_visibility":"visible","order_price_visibility":"visible","stock_status":"in_stock"}],"bundle_sell_ids":[],"exclude_global_add_ons":[],"addons":[],"acf":[],"_links":{"self":[{"href":"https:\/\/test.kikaxdesign.hr\/en\/wp-json\/wp\/v2\/product\/5737","targetHints":{"allow":["GET"]}}],"collection":[{"href":"https:\/\/test.kikaxdesign.hr\/en\/wp-json\/wp\/v2\/product"}],"about":[{"href":"https:\/\/test.kikaxdesign.hr\/en\/wp-json\/wp\/v2\/types\/product"}],"wp:featuredmedia":[{"embeddable":true,"href":"https:\/\/test.kikaxdesign.hr\/en\/wp-json\/wp\/v2\/media\/4377"}],"wp:attachment":[{"href":"https:\/\/test.kikaxdesign.hr\/en\/wp-json\/wp\/v2\/media?parent=5737"}],"wp:term":[{"taxonomy":"product_brand","embeddable":true,"href":"https:\/\/test.kikaxdesign.hr\/en\/wp-json\/wp\/v2\/product_brand?post=5737"},{"taxonomy":"product_cat","embeddable":true,"href":"https:\/\/test.kikaxdesign.hr\/en\/wp-json\/wp\/v2\/product_cat?post=5737"},{"taxonomy":"product_tag","embeddable":true,"href":"https:\/\/test.kikaxdesign.hr\/en\/wp-json\/wp\/v2\/product_tag?post=5737"}],"curies":[{"name":"wp","href":"https:\/\/api.w.org\/{rel}","templated":true}]}}