{"id":5734,"date":"2025-12-03T12:14:43","date_gmt":"2025-12-03T11:14:43","guid":{"rendered":"https:\/\/test.kikaxdesign.hr\/?post_type=product&#038;p=5734"},"modified":"2025-12-12T12:36:17","modified_gmt":"2025-12-12T11:36:17","slug":"razredna-drvena-kutija-za-odlaganje-mobitela-km-102xp-kopiraj","status":"publish","type":"product","link":"https:\/\/test.kikaxdesign.hr\/en\/product\/razredna-drvena-kutija-za-odlaganje-mobitela-km-102xp-kopiraj\/","title":{"rendered":"Classy wooden cell phone storage box Km-102XP (Copy)"},"content":{"rendered":"<p>Razredna kutija za odlaganje mobitela, o \u010dvrste \u0161perplo\u010de sa falcanim pregradama<\/p>","protected":false},"excerpt":{"rendered":"<p>&#8211; \u010dvrsta \u0161kolska kutija za odlaganje 22 mobitela, sa falcanim pregradama<\/p>","protected":false},"featured_media":4381,"template":"","meta":{"_acf_changed":false},"product_brand":[],"product_cat":[137],"product_tag":[],"class_list":{"0":"post-5734","1":"product","2":"type-product","3":"status-publish","4":"has-post-thumbnail","6":"product_cat-ostali-drveni-poklon-proizvodi","8":"first","9":"instock","10":"taxable","11":"shipping-taxable","12":"purchasable","13":"product-type-bundle"},"bundled_by":[],"bundle_stock_status":"instock","bundle_stock_quantity":"","bundle_virtual":false,"bundle_layout":"default","bundle_add_to_cart_form_location":"default","bundle_editable_in_cart":false,"bundle_sold_individually_context":"product","bundle_item_grouping":"parent","bundle_min_size":"","bundle_max_size":"","bundle_price":{"price":{"min":{"incl_tax":"28.55","excl_tax":"22.84"},"max":{"incl_tax":"36.85","excl_tax":"29.48"}},"regular_price":{"min":{"incl_tax":"28.55","excl_tax":"22.84"},"max":{"incl_tax":"36.85","excl_tax":"29.48"}}},"bundled_items":[{"bundled_item_id":933,"product_id":3515,"menu_order":0,"quantity_min":1,"quantity_max":1,"quantity_default":1,"priced_individually":true,"shipped_individually":true,"override_title":false,"title":"Laser engraving of logos or inscriptions","override_description":false,"description":"","optional":true,"hide_thumbnail":false,"discount":"","override_variations":false,"allowed_variations":[],"override_default_variation_attributes":false,"default_variation_attributes":[],"single_product_visibility":"visible","cart_visibility":"visible","order_visibility":"visible","single_product_price_visibility":"visible","cart_price_visibility":"visible","order_price_visibility":"visible","stock_status":"in_stock"}],"bundle_sell_ids":[],"exclude_global_add_ons":[],"addons":[],"acf":[],"_links":{"self":[{"href":"https:\/\/test.kikaxdesign.hr\/en\/wp-json\/wp\/v2\/product\/5734","targetHints":{"allow":["GET"]}}],"collection":[{"href":"https:\/\/test.kikaxdesign.hr\/en\/wp-json\/wp\/v2\/product"}],"about":[{"href":"https:\/\/test.kikaxdesign.hr\/en\/wp-json\/wp\/v2\/types\/product"}],"wp:featuredmedia":[{"embeddable":true,"href":"https:\/\/test.kikaxdesign.hr\/en\/wp-json\/wp\/v2\/media\/4381"}],"wp:attachment":[{"href":"https:\/\/test.kikaxdesign.hr\/en\/wp-json\/wp\/v2\/media?parent=5734"}],"wp:term":[{"taxonomy":"product_brand","embeddable":true,"href":"https:\/\/test.kikaxdesign.hr\/en\/wp-json\/wp\/v2\/product_brand?post=5734"},{"taxonomy":"product_cat","embeddable":true,"href":"https:\/\/test.kikaxdesign.hr\/en\/wp-json\/wp\/v2\/product_cat?post=5734"},{"taxonomy":"product_tag","embeddable":true,"href":"https:\/\/test.kikaxdesign.hr\/en\/wp-json\/wp\/v2\/product_tag?post=5734"}],"curies":[{"name":"wp","href":"https:\/\/api.w.org\/{rel}","templated":true}]}}