{"id":5731,"date":"2025-12-03T11:42:09","date_gmt":"2025-12-03T10:42:09","guid":{"rendered":"https:\/\/test.kikaxdesign.hr\/?post_type=product&#038;p=5731"},"modified":"2025-12-12T12:52:05","modified_gmt":"2025-12-12T11:52:05","slug":"drvena-kutija-za-satove-km-311sa2-kopiraj","status":"publish","type":"product","link":"https:\/\/test.kikaxdesign.hr\/en\/product\/drvena-kutija-za-satove-km-311sa2-kopiraj\/","title":{"rendered":"Drvena kutija za satove Km-311Sa2"},"content":{"rendered":"<p>Drvene kutije za ru\u010dne satove proizvode se od masiva javora, ru\u010dno bajcane, u tri modela: za 1 ,2 ili pak 4 ru\u010dna sata<\/p>\n<p>Model za 4 sata dolazi sa staklenim poklopcem. Svi modeli mogu se kompletirati laserki graviranim posvetama.<\/p>","protected":false},"excerpt":{"rendered":"<p>Premium drvena kutija sa \u0161ivanim platnenim ulo\u0161kom za\u00a0 2 ru\u010dna sata<\/p>","protected":false},"featured_media":3831,"template":"","meta":{"_acf_changed":false},"product_brand":[],"product_cat":[119],"product_tag":[],"class_list":{"0":"post-5731","1":"product","2":"type-product","3":"status-publish","4":"has-post-thumbnail","6":"product_cat-drvene-kutije-za-satove-drvene-kutije","8":"first","9":"instock","10":"taxable","11":"shipping-taxable","12":"purchasable","13":"product-type-bundle"},"bundled_by":[],"bundle_stock_status":"instock","bundle_stock_quantity":"","bundle_virtual":false,"bundle_layout":"default","bundle_add_to_cart_form_location":"default","bundle_editable_in_cart":false,"bundle_sold_individually_context":"product","bundle_item_grouping":"parent","bundle_min_size":"","bundle_max_size":"","bundle_price":{"price":{"min":{"incl_tax":"59.00","excl_tax":"47.20"},"max":{"incl_tax":"67.3","excl_tax":"53.84"}},"regular_price":{"min":{"incl_tax":"59.00","excl_tax":"47.20"},"max":{"incl_tax":"67.3","excl_tax":"53.84"}}},"bundled_items":[{"bundled_item_id":927,"product_id":3515,"menu_order":0,"quantity_min":1,"quantity_max":1,"quantity_default":1,"priced_individually":true,"shipped_individually":true,"override_title":false,"title":"Laser engraving of logos or inscriptions","override_description":false,"description":"","optional":true,"hide_thumbnail":false,"discount":"","override_variations":false,"allowed_variations":[],"override_default_variation_attributes":false,"default_variation_attributes":[],"single_product_visibility":"visible","cart_visibility":"visible","order_visibility":"visible","single_product_price_visibility":"visible","cart_price_visibility":"visible","order_price_visibility":"visible","stock_status":"in_stock"}],"bundle_sell_ids":[],"exclude_global_add_ons":[],"addons":[],"acf":[],"_links":{"self":[{"href":"https:\/\/test.kikaxdesign.hr\/en\/wp-json\/wp\/v2\/product\/5731","targetHints":{"allow":["GET"]}}],"collection":[{"href":"https:\/\/test.kikaxdesign.hr\/en\/wp-json\/wp\/v2\/product"}],"about":[{"href":"https:\/\/test.kikaxdesign.hr\/en\/wp-json\/wp\/v2\/types\/product"}],"wp:featuredmedia":[{"embeddable":true,"href":"https:\/\/test.kikaxdesign.hr\/en\/wp-json\/wp\/v2\/media\/3831"}],"wp:attachment":[{"href":"https:\/\/test.kikaxdesign.hr\/en\/wp-json\/wp\/v2\/media?parent=5731"}],"wp:term":[{"taxonomy":"product_brand","embeddable":true,"href":"https:\/\/test.kikaxdesign.hr\/en\/wp-json\/wp\/v2\/product_brand?post=5731"},{"taxonomy":"product_cat","embeddable":true,"href":"https:\/\/test.kikaxdesign.hr\/en\/wp-json\/wp\/v2\/product_cat?post=5731"},{"taxonomy":"product_tag","embeddable":true,"href":"https:\/\/test.kikaxdesign.hr\/en\/wp-json\/wp\/v2\/product_tag?post=5731"}],"curies":[{"name":"wp","href":"https:\/\/api.w.org\/{rel}","templated":true}]}}