{"id":5271,"date":"2025-11-07T21:31:12","date_gmt":"2025-11-07T20:31:12","guid":{"rendered":"https:\/\/test.kikaxdesign.hr\/?post_type=product&#038;p=5271"},"modified":"2025-12-10T11:00:59","modified_gmt":"2025-12-10T10:00:59","slug":"paljena-drvena-kutija-za-3-butelje-kpm-104-3","status":"publish","type":"product","link":"https:\/\/test.kikaxdesign.hr\/en\/product\/paljena-drvena-kutija-za-3-butelje-kpm-104-3\/","title":{"rendered":"Paljena drvena kutija za 3 butelje Kpm-104-3"},"content":{"rendered":"<p>Preklopne drvene kutije za butelje izra\u0111ujemo u dvije izvedbe: natur (prirodno drvo) i paljene. Preklopni poklopac je idealna pozicija za isticanje Va\u0161eg logotipa kojeg mo\u017eemo aplicirati laserskim ili CNC graviranjem. Kutije za vina se zatvaraju crnim ili srebrnim metalnim kromiranim \u201eklik\u201c zatvara\u010dem. Kutije za butelje dostupne su u dimenzijama za jednu, dvije ,tri \u0161est i devet boca. U ponudi su i modeli za 2 i 3 butelje sa prozirnim poklopcem (pleksiglas).<\/p>","protected":false},"excerpt":{"rendered":"<p>&#8211; preklopni model u natur paljenoj varijanti<\/p>","protected":false},"featured_media":3611,"template":"","meta":{"_acf_changed":false},"product_brand":[],"product_cat":[42],"product_tag":[],"class_list":{"0":"post-5271","1":"product","2":"type-product","3":"status-publish","4":"has-post-thumbnail","6":"product_cat-drvene-kutije-i-nosiljke-za-vina-i-rakije","8":"first","9":"instock","10":"taxable","11":"shipping-taxable","12":"purchasable","13":"product-type-bundle"},"bundled_by":[],"bundle_stock_status":"instock","bundle_stock_quantity":"","bundle_virtual":false,"bundle_layout":"default","bundle_add_to_cart_form_location":"default","bundle_editable_in_cart":false,"bundle_sold_individually_context":"product","bundle_item_grouping":"parent","bundle_min_size":"","bundle_max_size":"","bundle_price":{"price":{"min":{"incl_tax":"20.56","excl_tax":"16.45"},"max":{"incl_tax":"30.11","excl_tax":"24.09"}},"regular_price":{"min":{"incl_tax":"20.56","excl_tax":"16.45"},"max":{"incl_tax":"30.11","excl_tax":"24.09"}}},"bundled_items":[{"bundled_item_id":867,"product_id":3515,"menu_order":0,"quantity_min":1,"quantity_max":1,"quantity_default":1,"priced_individually":true,"shipped_individually":true,"override_title":false,"title":"Laserska gravura","override_description":false,"description":"","optional":true,"hide_thumbnail":false,"discount":"","override_variations":false,"allowed_variations":[],"override_default_variation_attributes":false,"default_variation_attributes":[],"single_product_visibility":"visible","cart_visibility":"visible","order_visibility":"visible","single_product_price_visibility":"visible","cart_price_visibility":"visible","order_price_visibility":"visible","stock_status":"in_stock"},{"bundled_item_id":868,"product_id":3513,"menu_order":1,"quantity_min":1,"quantity_max":1,"quantity_default":1,"priced_individually":true,"shipped_individually":false,"override_title":false,"title":"Filling with decorative wood wool","override_description":false,"description":"","optional":true,"hide_thumbnail":false,"discount":"","override_variations":false,"allowed_variations":[],"override_default_variation_attributes":false,"default_variation_attributes":[],"single_product_visibility":"visible","cart_visibility":"visible","order_visibility":"visible","single_product_price_visibility":"visible","cart_price_visibility":"visible","order_price_visibility":"visible","stock_status":"in_stock"}],"bundle_sell_ids":[],"exclude_global_add_ons":[],"addons":[],"acf":[],"_links":{"self":[{"href":"https:\/\/test.kikaxdesign.hr\/en\/wp-json\/wp\/v2\/product\/5271","targetHints":{"allow":["GET"]}}],"collection":[{"href":"https:\/\/test.kikaxdesign.hr\/en\/wp-json\/wp\/v2\/product"}],"about":[{"href":"https:\/\/test.kikaxdesign.hr\/en\/wp-json\/wp\/v2\/types\/product"}],"wp:featuredmedia":[{"embeddable":true,"href":"https:\/\/test.kikaxdesign.hr\/en\/wp-json\/wp\/v2\/media\/3611"}],"wp:attachment":[{"href":"https:\/\/test.kikaxdesign.hr\/en\/wp-json\/wp\/v2\/media?parent=5271"}],"wp:term":[{"taxonomy":"product_brand","embeddable":true,"href":"https:\/\/test.kikaxdesign.hr\/en\/wp-json\/wp\/v2\/product_brand?post=5271"},{"taxonomy":"product_cat","embeddable":true,"href":"https:\/\/test.kikaxdesign.hr\/en\/wp-json\/wp\/v2\/product_cat?post=5271"},{"taxonomy":"product_tag","embeddable":true,"href":"https:\/\/test.kikaxdesign.hr\/en\/wp-json\/wp\/v2\/product_tag?post=5271"}],"curies":[{"name":"wp","href":"https:\/\/api.w.org\/{rel}","templated":true}]}}