{"id":4168,"date":"2025-10-12T17:28:42","date_gmt":"2025-10-12T15:28:42","guid":{"rendered":"https:\/\/test.kikaxdesign.hr\/?post_type=product&#038;p=4168"},"modified":"2025-12-12T11:00:01","modified_gmt":"2025-12-12T10:00:01","slug":"drvena-kutija-za-uljeocat-sol-ili-kruh-k-302x","status":"publish","type":"product","link":"https:\/\/test.kikaxdesign.hr\/en\/product\/drvena-kutija-za-uljeocat-sol-ili-kruh-k-302x\/","title":{"rendered":"Wooden box for oil, vinegar, salt or bread K-302x"},"content":{"rendered":"<p>Premium drvene lakirane kutije od masiva jasena za ulje, ocat, sol ili pak kruh, iznimno su \u010dvrsti i trajni proizvodi.<\/p>\n<p>Ru\u010dno bajcani, sa tri sloja Rennerovog PU mat ili polumat laka, cink kutnim spojem i podnicom od laminirane breze, jam\u010de kvalitetu i dugotrajnost.<\/p>\n<p>Kutije se brendiraju logom objekta, a mogu se u ve\u0107im koli\u010dinama prozivoditi i u boji po narud\u017ebi kupca.<\/p>","protected":false},"excerpt":{"rendered":"<p>&#8211; premium manja kutija za ugostiteljske stolove, sa prakti\u010dnim ru\u010dkama za no\u0161enje<\/p>","protected":false},"featured_media":4169,"template":"","meta":{"_acf_changed":false},"product_brand":[],"product_cat":[93],"product_tag":[],"class_list":{"0":"post-4168","1":"product","2":"type-product","3":"status-publish","4":"has-post-thumbnail","6":"product_cat-kutije-za-kruhocat-i-sol","8":"first","9":"instock","10":"taxable","11":"shipping-taxable","12":"product-type-bundle"},"bundled_by":[],"bundle_stock_status":"instock","bundle_stock_quantity":"","bundle_virtual":false,"bundle_layout":"default","bundle_add_to_cart_form_location":"default","bundle_editable_in_cart":false,"bundle_sold_individually_context":"product","bundle_item_grouping":"parent","bundle_min_size":"","bundle_max_size":"","bundle_price":{"price":{"min":{"incl_tax":"11.54","excl_tax":"9.23"},"max":{"incl_tax":"19.84","excl_tax":"15.87"}},"regular_price":{"min":{"incl_tax":"11.54","excl_tax":"9.23"},"max":{"incl_tax":"19.84","excl_tax":"15.87"}}},"bundled_items":[{"bundled_item_id":397,"product_id":3515,"menu_order":0,"quantity_min":1,"quantity_max":1,"quantity_default":1,"priced_individually":true,"shipped_individually":true,"override_title":false,"title":"Laser engraving of logos or inscriptions","override_description":false,"description":"","optional":true,"hide_thumbnail":false,"discount":"","override_variations":false,"allowed_variations":[],"override_default_variation_attributes":false,"default_variation_attributes":[],"single_product_visibility":"visible","cart_visibility":"visible","order_visibility":"visible","single_product_price_visibility":"visible","cart_price_visibility":"visible","order_price_visibility":"visible","stock_status":"in_stock"}],"bundle_sell_ids":[],"exclude_global_add_ons":[],"addons":[],"acf":[],"_links":{"self":[{"href":"https:\/\/test.kikaxdesign.hr\/en\/wp-json\/wp\/v2\/product\/4168","targetHints":{"allow":["GET"]}}],"collection":[{"href":"https:\/\/test.kikaxdesign.hr\/en\/wp-json\/wp\/v2\/product"}],"about":[{"href":"https:\/\/test.kikaxdesign.hr\/en\/wp-json\/wp\/v2\/types\/product"}],"wp:featuredmedia":[{"embeddable":true,"href":"https:\/\/test.kikaxdesign.hr\/en\/wp-json\/wp\/v2\/media\/4169"}],"wp:attachment":[{"href":"https:\/\/test.kikaxdesign.hr\/en\/wp-json\/wp\/v2\/media?parent=4168"}],"wp:term":[{"taxonomy":"product_brand","embeddable":true,"href":"https:\/\/test.kikaxdesign.hr\/en\/wp-json\/wp\/v2\/product_brand?post=4168"},{"taxonomy":"product_cat","embeddable":true,"href":"https:\/\/test.kikaxdesign.hr\/en\/wp-json\/wp\/v2\/product_cat?post=4168"},{"taxonomy":"product_tag","embeddable":true,"href":"https:\/\/test.kikaxdesign.hr\/en\/wp-json\/wp\/v2\/product_tag?post=4168"}],"curies":[{"name":"wp","href":"https:\/\/api.w.org\/{rel}","templated":true}]}}