{"id":3991,"date":"2025-10-12T14:30:50","date_gmt":"2025-10-12T12:30:50","guid":{"rendered":"https:\/\/test.kikaxdesign.hr\/?post_type=product&#038;p=3991"},"modified":"2025-12-10T11:01:02","modified_gmt":"2025-12-10T10:01:02","slug":"drvena-kutija-za-kljuceve-dalmatinske-skure-km-515k","status":"publish","type":"product","link":"https:\/\/test.kikaxdesign.hr\/en\/product\/drvena-kutija-za-kljuceve-dalmatinske-skure-km-515k\/","title":{"rendered":"Drvena kutija za klju\u010deve-dalmatinske \u0161kure Km-515k"},"content":{"rendered":"<p>U stalnoj ponudi se nalaze 3 modela ormari\u0107a, samostoje\u0107i manji za 6 te ve\u0107i za 12 klju\u010deva. Ve\u0107i zidni model, proizvodi se sa 12 metalnih kukica za klju\u010deve. a sa stra\u017enje strane ima rupe za vje\u0161anje.<\/p>","protected":false},"excerpt":{"rendered":"<p>Drveni ormari\u0107 za klju\u010deve u stilu starih dalmatinskih \u0161kura<\/p>","protected":false},"featured_media":3993,"template":"","meta":{"_acf_changed":false},"product_brand":[],"product_cat":[128],"product_tag":[],"class_list":{"0":"post-3991","1":"product","2":"type-product","3":"status-publish","4":"has-post-thumbnail","6":"product_cat-drveni-ormaricistalci-za-kljuceve","8":"first","9":"instock","10":"taxable","11":"shipping-taxable","12":"purchasable","13":"product-type-bundle"},"bundled_by":[],"bundle_stock_status":"instock","bundle_stock_quantity":"","bundle_virtual":false,"bundle_layout":"default","bundle_add_to_cart_form_location":"default","bundle_editable_in_cart":false,"bundle_sold_individually_context":"product","bundle_item_grouping":"parent","bundle_min_size":"","bundle_max_size":"","bundle_price":{"price":{"min":{"incl_tax":"36.98","excl_tax":"29.58"},"max":{"incl_tax":"46.53","excl_tax":"37.22"}},"regular_price":{"min":{"incl_tax":"36.98","excl_tax":"29.58"},"max":{"incl_tax":"46.53","excl_tax":"37.22"}}},"bundled_items":[{"bundled_item_id":301,"product_id":3515,"menu_order":0,"quantity_min":1,"quantity_max":1,"quantity_default":1,"priced_individually":true,"shipped_individually":true,"override_title":false,"title":"CNC gravura","override_description":false,"description":"","optional":true,"hide_thumbnail":false,"discount":"","override_variations":false,"allowed_variations":[],"override_default_variation_attributes":false,"default_variation_attributes":[],"single_product_visibility":"visible","cart_visibility":"visible","order_visibility":"visible","single_product_price_visibility":"visible","cart_price_visibility":"visible","order_price_visibility":"visible","stock_status":"in_stock"},{"bundled_item_id":302,"product_id":3513,"menu_order":1,"quantity_min":1,"quantity_max":1,"quantity_default":1,"priced_individually":true,"shipped_individually":false,"override_title":false,"title":"Filling with decorative wood wool","override_description":false,"description":"","optional":true,"hide_thumbnail":false,"discount":"","override_variations":false,"allowed_variations":[],"override_default_variation_attributes":false,"default_variation_attributes":[],"single_product_visibility":"visible","cart_visibility":"visible","order_visibility":"visible","single_product_price_visibility":"visible","cart_price_visibility":"visible","order_price_visibility":"visible","stock_status":"in_stock"}],"bundle_sell_ids":[],"exclude_global_add_ons":[],"addons":[],"acf":[],"_links":{"self":[{"href":"https:\/\/test.kikaxdesign.hr\/en\/wp-json\/wp\/v2\/product\/3991","targetHints":{"allow":["GET"]}}],"collection":[{"href":"https:\/\/test.kikaxdesign.hr\/en\/wp-json\/wp\/v2\/product"}],"about":[{"href":"https:\/\/test.kikaxdesign.hr\/en\/wp-json\/wp\/v2\/types\/product"}],"wp:featuredmedia":[{"embeddable":true,"href":"https:\/\/test.kikaxdesign.hr\/en\/wp-json\/wp\/v2\/media\/3993"}],"wp:attachment":[{"href":"https:\/\/test.kikaxdesign.hr\/en\/wp-json\/wp\/v2\/media?parent=3991"}],"wp:term":[{"taxonomy":"product_brand","embeddable":true,"href":"https:\/\/test.kikaxdesign.hr\/en\/wp-json\/wp\/v2\/product_brand?post=3991"},{"taxonomy":"product_cat","embeddable":true,"href":"https:\/\/test.kikaxdesign.hr\/en\/wp-json\/wp\/v2\/product_cat?post=3991"},{"taxonomy":"product_tag","embeddable":true,"href":"https:\/\/test.kikaxdesign.hr\/en\/wp-json\/wp\/v2\/product_tag?post=3991"}],"curies":[{"name":"wp","href":"https:\/\/api.w.org\/{rel}","templated":true}]}}