{"id":3766,"date":"2025-10-11T21:10:34","date_gmt":"2025-10-11T19:10:34","guid":{"rendered":"https:\/\/test.kikaxdesign.hr\/?post_type=product&#038;p=3766"},"modified":"2025-12-10T11:01:15","modified_gmt":"2025-12-10T10:01:15","slug":"drvena-kutija-za-vizike-sperploca-klm-131","status":"publish","type":"product","link":"https:\/\/test.kikaxdesign.hr\/en\/product\/drvena-kutija-za-vizike-sperploca-klm-131\/","title":{"rendered":"Drvena kutija za vizike \u0161perplo\u010da KLm-131"},"content":{"rendered":"<p>Laserski rezane kutije za vizitke, cijenovno su pristupa\u010dan proizvod, gdje se uz manju doplatu brzo i lako stavlja laserska gravura na poklopac ili bilo koji drugi dio. Naravno, kutije osim za vizitke, mogu poslu\u017eiti i za bilo koju drugu namjenu.<\/p>","protected":false},"excerpt":{"rendered":"<p>Mala drvena kutija bez okova<\/p>","protected":false},"featured_media":3767,"template":"","meta":{"_acf_changed":false},"product_brand":[],"product_cat":[117],"product_tag":[],"class_list":{"0":"post-3766","1":"product","2":"type-product","3":"status-publish","4":"has-post-thumbnail","6":"product_cat-drvene-kutije-za-ostale-namjene","8":"first","9":"instock","10":"taxable","11":"shipping-taxable","12":"purchasable","13":"product-type-bundle"},"bundled_by":[],"bundle_stock_status":"instock","bundle_stock_quantity":"","bundle_virtual":false,"bundle_layout":"default","bundle_add_to_cart_form_location":"default","bundle_editable_in_cart":false,"bundle_sold_individually_context":"product","bundle_item_grouping":"parent","bundle_min_size":"","bundle_max_size":"","bundle_price":{"price":{"min":{"incl_tax":"10.00","excl_tax":"8.00"},"max":{"incl_tax":"19.55","excl_tax":"15.64"}},"regular_price":{"min":{"incl_tax":"10.00","excl_tax":"8.00"},"max":{"incl_tax":"19.55","excl_tax":"15.64"}}},"bundled_items":[{"bundled_item_id":147,"product_id":3515,"menu_order":0,"quantity_min":1,"quantity_max":1,"quantity_default":1,"priced_individually":true,"shipped_individually":true,"override_title":false,"title":"CNC gravura","override_description":false,"description":"","optional":true,"hide_thumbnail":false,"discount":"","override_variations":false,"allowed_variations":[],"override_default_variation_attributes":false,"default_variation_attributes":[],"single_product_visibility":"visible","cart_visibility":"visible","order_visibility":"visible","single_product_price_visibility":"visible","cart_price_visibility":"visible","order_price_visibility":"visible","stock_status":"in_stock"},{"bundled_item_id":148,"product_id":3513,"menu_order":1,"quantity_min":1,"quantity_max":1,"quantity_default":1,"priced_individually":true,"shipped_individually":false,"override_title":false,"title":"Filling with decorative wood wool","override_description":false,"description":"","optional":true,"hide_thumbnail":false,"discount":"","override_variations":false,"allowed_variations":[],"override_default_variation_attributes":false,"default_variation_attributes":[],"single_product_visibility":"visible","cart_visibility":"visible","order_visibility":"visible","single_product_price_visibility":"visible","cart_price_visibility":"visible","order_price_visibility":"visible","stock_status":"in_stock"}],"bundle_sell_ids":[],"exclude_global_add_ons":[],"addons":[],"acf":[],"_links":{"self":[{"href":"https:\/\/test.kikaxdesign.hr\/en\/wp-json\/wp\/v2\/product\/3766","targetHints":{"allow":["GET"]}}],"collection":[{"href":"https:\/\/test.kikaxdesign.hr\/en\/wp-json\/wp\/v2\/product"}],"about":[{"href":"https:\/\/test.kikaxdesign.hr\/en\/wp-json\/wp\/v2\/types\/product"}],"wp:featuredmedia":[{"embeddable":true,"href":"https:\/\/test.kikaxdesign.hr\/en\/wp-json\/wp\/v2\/media\/3767"}],"wp:attachment":[{"href":"https:\/\/test.kikaxdesign.hr\/en\/wp-json\/wp\/v2\/media?parent=3766"}],"wp:term":[{"taxonomy":"product_brand","embeddable":true,"href":"https:\/\/test.kikaxdesign.hr\/en\/wp-json\/wp\/v2\/product_brand?post=3766"},{"taxonomy":"product_cat","embeddable":true,"href":"https:\/\/test.kikaxdesign.hr\/en\/wp-json\/wp\/v2\/product_cat?post=3766"},{"taxonomy":"product_tag","embeddable":true,"href":"https:\/\/test.kikaxdesign.hr\/en\/wp-json\/wp\/v2\/product_tag?post=3766"}],"curies":[{"name":"wp","href":"https:\/\/api.w.org\/{rel}","templated":true}]}}