{"id":3677,"date":"2025-10-11T18:06:31","date_gmt":"2025-10-11T16:06:31","guid":{"rendered":"https:\/\/test.kikaxdesign.hr\/?post_type=product&#038;p=3677"},"modified":"2025-12-11T12:09:15","modified_gmt":"2025-12-11T11:09:15","slug":"drvena-retro-kutija-za-1-bocu-km-504","status":"publish","type":"product","link":"https:\/\/test.kikaxdesign.hr\/en\/product\/drvena-retro-kutija-za-1-bocu-km-504\/","title":{"rendered":"Drvena retro kutija za 1 bocu Km-504"},"content":{"rendered":"<p>Retro drvene kutije za boce najnoviji su proizvod iz na\u0161eg \u0161irokog asortimana, te pretstavljaju vlastiti dizajn i ideju. Namjena im je prezentirati proizvod kroz ambala\u017eu iz nekih pro\u0161lih vremena, bilo da se radi o arhivskim vinima koja tra\u017ee zanimljivu kutiju za transport, bilo da se radi o jedinstvenoj ambala\u017ei za poslovne poklone. Kutije su specifi\u010dne i po vrsti natpisa, koji se radi posebnom tehnikom, u raznim bojama. Napravljene su isklju\u010divo iz masiva<\/p>","protected":false},"excerpt":{"rendered":"<p>&#8211; unikatna retro kutija sa odvojivim patentnim poklopcem<\/p>","protected":false},"featured_media":4587,"template":"","meta":{"_acf_changed":false},"product_brand":[],"product_cat":[42],"product_tag":[],"class_list":{"0":"post-3677","1":"product","2":"type-product","3":"status-publish","4":"has-post-thumbnail","6":"product_cat-drvene-kutije-i-nosiljke-za-vina-i-rakije","8":"first","9":"instock","10":"taxable","11":"shipping-taxable","12":"purchasable","13":"product-type-bundle"},"bundled_by":[],"bundle_stock_status":"instock","bundle_stock_quantity":"","bundle_virtual":false,"bundle_layout":"default","bundle_add_to_cart_form_location":"default","bundle_editable_in_cart":false,"bundle_sold_individually_context":"product","bundle_item_grouping":"parent","bundle_min_size":"","bundle_max_size":"","bundle_price":{"price":{"min":{"incl_tax":"23.73","excl_tax":"18.98"},"max":{"incl_tax":"33.28","excl_tax":"26.62"}},"regular_price":{"min":{"incl_tax":"23.73","excl_tax":"18.98"},"max":{"incl_tax":"33.28","excl_tax":"26.62"}}},"bundled_items":[{"bundled_item_id":1255,"product_id":5960,"menu_order":0,"quantity_min":1,"quantity_max":1,"quantity_default":1,"priced_individually":true,"shipped_individually":true,"override_title":false,"title":"Stencil natpis","override_description":false,"description":"","optional":true,"hide_thumbnail":false,"discount":"","override_variations":false,"allowed_variations":[],"override_default_variation_attributes":false,"default_variation_attributes":[],"single_product_visibility":"visible","cart_visibility":"visible","order_visibility":"visible","single_product_price_visibility":"visible","cart_price_visibility":"visible","order_price_visibility":"visible","stock_status":"in_stock"},{"bundled_item_id":92,"product_id":3513,"menu_order":1,"quantity_min":1,"quantity_max":1,"quantity_default":1,"priced_individually":true,"shipped_individually":false,"override_title":false,"title":"Filling with decorative wood wool","override_description":false,"description":"","optional":true,"hide_thumbnail":false,"discount":"","override_variations":false,"allowed_variations":[],"override_default_variation_attributes":false,"default_variation_attributes":[],"single_product_visibility":"visible","cart_visibility":"visible","order_visibility":"visible","single_product_price_visibility":"visible","cart_price_visibility":"visible","order_price_visibility":"visible","stock_status":"in_stock"}],"bundle_sell_ids":[],"exclude_global_add_ons":[],"addons":[],"acf":[],"_links":{"self":[{"href":"https:\/\/test.kikaxdesign.hr\/en\/wp-json\/wp\/v2\/product\/3677","targetHints":{"allow":["GET"]}}],"collection":[{"href":"https:\/\/test.kikaxdesign.hr\/en\/wp-json\/wp\/v2\/product"}],"about":[{"href":"https:\/\/test.kikaxdesign.hr\/en\/wp-json\/wp\/v2\/types\/product"}],"wp:featuredmedia":[{"embeddable":true,"href":"https:\/\/test.kikaxdesign.hr\/en\/wp-json\/wp\/v2\/media\/4587"}],"wp:attachment":[{"href":"https:\/\/test.kikaxdesign.hr\/en\/wp-json\/wp\/v2\/media?parent=3677"}],"wp:term":[{"taxonomy":"product_brand","embeddable":true,"href":"https:\/\/test.kikaxdesign.hr\/en\/wp-json\/wp\/v2\/product_brand?post=3677"},{"taxonomy":"product_cat","embeddable":true,"href":"https:\/\/test.kikaxdesign.hr\/en\/wp-json\/wp\/v2\/product_cat?post=3677"},{"taxonomy":"product_tag","embeddable":true,"href":"https:\/\/test.kikaxdesign.hr\/en\/wp-json\/wp\/v2\/product_tag?post=3677"}],"curies":[{"name":"wp","href":"https:\/\/api.w.org\/{rel}","templated":true}]}}