{"id":5854,"date":"2025-12-04T12:03:24","date_gmt":"2025-12-04T11:03:24","guid":{"rendered":"https:\/\/test.kikaxdesign.hr\/?post_type=product&#038;p=5854"},"modified":"2025-12-10T11:00:36","modified_gmt":"2025-12-10T10:00:36","slug":"drveni-kovceg-krm-111v","status":"publish","type":"product","link":"https:\/\/test.kikaxdesign.hr\/de\/product\/drveni-kovceg-krm-111v\/","title":{"rendered":"Drveni kov\u010deg KRm-111v"},"content":{"rendered":"<p>Drveni kov\u010deg, kao i kutija za pr\u0161ut prakti\u010dna je prenosiva ambala\u017ea. Dodatna ru\u010dka na standardnoj kutiji daje novu dimenziju drvenoj ambala\u017ei, i estetski i prakti\u010dno. Kutija za pr\u0161ut, nepravilnih stranica jedinstvena je namjenom i izvedbom na tr\u017ei\u0161tu, a dimenzijama odgovara volumenu i najve\u0107ih pr\u0161uta, te dodatne butelje vina.<\/p>","protected":false},"excerpt":{"rendered":"<p>Prakti\u010dni drveni kov\u010deg za razne namjene<\/p>","protected":false},"featured_media":3843,"template":"","meta":{"_acf_changed":false},"product_brand":[],"product_cat":[120],"product_tag":[],"class_list":{"0":"post-5854","1":"product","2":"type-product","3":"status-publish","4":"has-post-thumbnail","6":"product_cat-drveni-kovcezi-i-kutije-za-prsut-drvene-kutije","8":"first","9":"instock","10":"taxable","11":"shipping-taxable","12":"purchasable","13":"product-type-bundle"},"bundled_by":[],"bundle_stock_status":"instock","bundle_stock_quantity":"","bundle_virtual":false,"bundle_layout":"default","bundle_add_to_cart_form_location":"default","bundle_editable_in_cart":false,"bundle_sold_individually_context":"product","bundle_item_grouping":"parent","bundle_min_size":"","bundle_max_size":"","bundle_price":{"price":{"min":{"incl_tax":"21.90","excl_tax":"17.52"},"max":{"incl_tax":"31.45","excl_tax":"25.16"}},"regular_price":{"min":{"incl_tax":"21.90","excl_tax":"17.52"},"max":{"incl_tax":"31.45","excl_tax":"25.16"}}},"bundled_items":[{"bundled_item_id":1173,"product_id":3515,"menu_order":0,"quantity_min":1,"quantity_max":1,"quantity_default":1,"priced_individually":true,"shipped_individually":true,"override_title":false,"title":"Laserska gravura loga ili natpisa","override_description":false,"description":"","optional":true,"hide_thumbnail":false,"discount":"","override_variations":false,"allowed_variations":[],"override_default_variation_attributes":false,"default_variation_attributes":[],"single_product_visibility":"visible","cart_visibility":"visible","order_visibility":"visible","single_product_price_visibility":"visible","cart_price_visibility":"visible","order_price_visibility":"visible","stock_status":"in_stock"},{"bundled_item_id":1174,"product_id":3513,"menu_order":1,"quantity_min":1,"quantity_max":1,"quantity_default":1,"priced_individually":true,"shipped_individually":false,"override_title":false,"title":"Ispuna dekorativnom drvenom vunicom","override_description":false,"description":"","optional":true,"hide_thumbnail":false,"discount":"","override_variations":false,"allowed_variations":[],"override_default_variation_attributes":false,"default_variation_attributes":[],"single_product_visibility":"visible","cart_visibility":"visible","order_visibility":"visible","single_product_price_visibility":"visible","cart_price_visibility":"visible","order_price_visibility":"visible","stock_status":"in_stock"}],"bundle_sell_ids":[],"exclude_global_add_ons":[],"addons":[],"acf":[],"_links":{"self":[{"href":"https:\/\/test.kikaxdesign.hr\/de\/wp-json\/wp\/v2\/product\/5854","targetHints":{"allow":["GET"]}}],"collection":[{"href":"https:\/\/test.kikaxdesign.hr\/de\/wp-json\/wp\/v2\/product"}],"about":[{"href":"https:\/\/test.kikaxdesign.hr\/de\/wp-json\/wp\/v2\/types\/product"}],"wp:featuredmedia":[{"embeddable":true,"href":"https:\/\/test.kikaxdesign.hr\/de\/wp-json\/wp\/v2\/media\/3843"}],"wp:attachment":[{"href":"https:\/\/test.kikaxdesign.hr\/de\/wp-json\/wp\/v2\/media?parent=5854"}],"wp:term":[{"taxonomy":"product_brand","embeddable":true,"href":"https:\/\/test.kikaxdesign.hr\/de\/wp-json\/wp\/v2\/product_brand?post=5854"},{"taxonomy":"product_cat","embeddable":true,"href":"https:\/\/test.kikaxdesign.hr\/de\/wp-json\/wp\/v2\/product_cat?post=5854"},{"taxonomy":"product_tag","embeddable":true,"href":"https:\/\/test.kikaxdesign.hr\/de\/wp-json\/wp\/v2\/product_tag?post=5854"}],"curies":[{"name":"wp","href":"https:\/\/api.w.org\/{rel}","templated":true}]}}