{"id":5832,"date":"2025-12-04T11:42:29","date_gmt":"2025-12-04T10:42:29","guid":{"rendered":"https:\/\/test.kikaxdesign.hr\/?post_type=product&#038;p=5832"},"modified":"2025-12-10T11:00:38","modified_gmt":"2025-12-10T10:00:38","slug":"drvene-puzzle-sa-podlogom-pzm-30x30-88k","status":"publish","type":"product","link":"https:\/\/test.kikaxdesign.hr\/de\/product\/drvene-puzzle-sa-podlogom-pzm-30x30-88k\/","title":{"rendered":"Drvene puzzle sa podlogom PZm-30\u00d730 88k"},"content":{"rendered":"<p>Drvene puzzle za oslikavanje dolaze u kompletu sa drvenom podlo\u0161kom te okvirom koji dr\u017ei puzzle na okupu, a opet ima jedna kutni prorez radi lak\u0161eg va\u0111enja prve puzzle.\u00a0 Osim klasi\u010dnih pravokutnih, u ponudi su i puzzle nepravilnih oblika, kao oval i srce, te velike puzzle-drvo kao guest book za vjen\u010danja.<\/p>","protected":false},"excerpt":{"rendered":"<p>Drvene puzzle 88 djelova sa drvenom podlogom<\/p>","protected":false},"featured_media":3957,"template":"","meta":{"_acf_changed":false},"product_brand":[],"product_cat":[126],"product_tag":[],"class_list":{"0":"post-5832","1":"product","2":"type-product","3":"status-publish","4":"has-post-thumbnail","6":"product_cat-drvene-puzzle","8":"first","9":"instock","10":"taxable","11":"shipping-taxable","12":"purchasable","13":"product-type-bundle"},"bundled_by":[],"bundle_stock_status":"instock","bundle_stock_quantity":"","bundle_virtual":false,"bundle_layout":"default","bundle_add_to_cart_form_location":"default","bundle_editable_in_cart":false,"bundle_sold_individually_context":"product","bundle_item_grouping":"parent","bundle_min_size":"","bundle_max_size":"","bundle_price":{"price":{"min":{"incl_tax":"20.18","excl_tax":"16.14"},"max":{"incl_tax":"29.73","excl_tax":"23.78"}},"regular_price":{"min":{"incl_tax":"20.18","excl_tax":"16.14"},"max":{"incl_tax":"29.73","excl_tax":"23.78"}}},"bundled_items":[{"bundled_item_id":1129,"product_id":3515,"menu_order":0,"quantity_min":1,"quantity_max":1,"quantity_default":1,"priced_individually":true,"shipped_individually":true,"override_title":false,"title":"Laserska gravura loga ili natpisa","override_description":false,"description":"","optional":true,"hide_thumbnail":false,"discount":"","override_variations":false,"allowed_variations":[],"override_default_variation_attributes":false,"default_variation_attributes":[],"single_product_visibility":"visible","cart_visibility":"visible","order_visibility":"visible","single_product_price_visibility":"visible","cart_price_visibility":"visible","order_price_visibility":"visible","stock_status":"in_stock"},{"bundled_item_id":1130,"product_id":3513,"menu_order":1,"quantity_min":1,"quantity_max":1,"quantity_default":1,"priced_individually":true,"shipped_individually":false,"override_title":false,"title":"Ispuna dekorativnom drvenom vunicom","override_description":false,"description":"","optional":true,"hide_thumbnail":false,"discount":"","override_variations":false,"allowed_variations":[],"override_default_variation_attributes":false,"default_variation_attributes":[],"single_product_visibility":"visible","cart_visibility":"visible","order_visibility":"visible","single_product_price_visibility":"visible","cart_price_visibility":"visible","order_price_visibility":"visible","stock_status":"in_stock"}],"bundle_sell_ids":[],"exclude_global_add_ons":[],"addons":[],"acf":[],"_links":{"self":[{"href":"https:\/\/test.kikaxdesign.hr\/de\/wp-json\/wp\/v2\/product\/5832","targetHints":{"allow":["GET"]}}],"collection":[{"href":"https:\/\/test.kikaxdesign.hr\/de\/wp-json\/wp\/v2\/product"}],"about":[{"href":"https:\/\/test.kikaxdesign.hr\/de\/wp-json\/wp\/v2\/types\/product"}],"wp:featuredmedia":[{"embeddable":true,"href":"https:\/\/test.kikaxdesign.hr\/de\/wp-json\/wp\/v2\/media\/3957"}],"wp:attachment":[{"href":"https:\/\/test.kikaxdesign.hr\/de\/wp-json\/wp\/v2\/media?parent=5832"}],"wp:term":[{"taxonomy":"product_brand","embeddable":true,"href":"https:\/\/test.kikaxdesign.hr\/de\/wp-json\/wp\/v2\/product_brand?post=5832"},{"taxonomy":"product_cat","embeddable":true,"href":"https:\/\/test.kikaxdesign.hr\/de\/wp-json\/wp\/v2\/product_cat?post=5832"},{"taxonomy":"product_tag","embeddable":true,"href":"https:\/\/test.kikaxdesign.hr\/de\/wp-json\/wp\/v2\/product_tag?post=5832"}],"curies":[{"name":"wp","href":"https:\/\/api.w.org\/{rel}","templated":true}]}}