{"id":5819,"date":"2025-12-04T11:05:06","date_gmt":"2025-12-04T10:05:06","guid":{"rendered":"https:\/\/test.kikaxdesign.hr\/?post_type=product&#038;p=5819"},"modified":"2025-12-12T12:33:45","modified_gmt":"2025-12-12T11:33:45","slug":"drvena-kutija-za-usb-stick-mahagonij-km-411usb-sp","status":"publish","type":"product","link":"https:\/\/test.kikaxdesign.hr\/de\/product\/drvena-kutija-za-usb-stick-mahagonij-km-411usb-sp\/","title":{"rendered":"Drvena kutija za usb stick mahagonij Km-411USB-Sp"},"content":{"rendered":"<p>Drvene preklopne kutije prilago\u0111ene na\u0161ih plosnatim USB stickovima u istim tehnikima zavr\u0161ne obrade \u010dine unikatni komplet.<\/p>","protected":false},"excerpt":{"rendered":"<p>Preklopna kutija sa spu\u017evenim ulo\u0161kom za mahagonij USB stick<\/p>","protected":false},"featured_media":4772,"template":"","meta":{"_acf_changed":false},"product_brand":[],"product_cat":[130],"product_tag":[],"class_list":{"0":"post-5819","1":"product","2":"type-product","3":"status-publish","4":"has-post-thumbnail","6":"product_cat-drveni-stickovi-i-usb-kutije-drveni-program-za-fotografe","8":"first","9":"instock","10":"taxable","11":"shipping-taxable","12":"purchasable","13":"product-type-bundle"},"bundled_by":[],"bundle_stock_status":"instock","bundle_stock_quantity":"","bundle_virtual":false,"bundle_layout":"default","bundle_add_to_cart_form_location":"default","bundle_editable_in_cart":false,"bundle_sold_individually_context":"product","bundle_item_grouping":"parent","bundle_min_size":"","bundle_max_size":"","bundle_price":{"price":{"min":{"incl_tax":"22.50","excl_tax":"18.00"},"max":{"incl_tax":"30.8","excl_tax":"24.64"}},"regular_price":{"min":{"incl_tax":"22.50","excl_tax":"18.00"},"max":{"incl_tax":"30.8","excl_tax":"24.64"}}},"bundled_items":[{"bundled_item_id":1103,"product_id":3515,"menu_order":0,"quantity_min":1,"quantity_max":1,"quantity_default":1,"priced_individually":true,"shipped_individually":true,"override_title":false,"title":"Laserska gravura loga ili natpisa","override_description":false,"description":"","optional":true,"hide_thumbnail":false,"discount":"","override_variations":false,"allowed_variations":[],"override_default_variation_attributes":false,"default_variation_attributes":[],"single_product_visibility":"visible","cart_visibility":"visible","order_visibility":"visible","single_product_price_visibility":"visible","cart_price_visibility":"visible","order_price_visibility":"visible","stock_status":"in_stock"}],"bundle_sell_ids":[],"exclude_global_add_ons":[],"addons":[],"acf":[],"_links":{"self":[{"href":"https:\/\/test.kikaxdesign.hr\/de\/wp-json\/wp\/v2\/product\/5819","targetHints":{"allow":["GET"]}}],"collection":[{"href":"https:\/\/test.kikaxdesign.hr\/de\/wp-json\/wp\/v2\/product"}],"about":[{"href":"https:\/\/test.kikaxdesign.hr\/de\/wp-json\/wp\/v2\/types\/product"}],"wp:featuredmedia":[{"embeddable":true,"href":"https:\/\/test.kikaxdesign.hr\/de\/wp-json\/wp\/v2\/media\/4772"}],"wp:attachment":[{"href":"https:\/\/test.kikaxdesign.hr\/de\/wp-json\/wp\/v2\/media?parent=5819"}],"wp:term":[{"taxonomy":"product_brand","embeddable":true,"href":"https:\/\/test.kikaxdesign.hr\/de\/wp-json\/wp\/v2\/product_brand?post=5819"},{"taxonomy":"product_cat","embeddable":true,"href":"https:\/\/test.kikaxdesign.hr\/de\/wp-json\/wp\/v2\/product_cat?post=5819"},{"taxonomy":"product_tag","embeddable":true,"href":"https:\/\/test.kikaxdesign.hr\/de\/wp-json\/wp\/v2\/product_tag?post=5819"}],"curies":[{"name":"wp","href":"https:\/\/api.w.org\/{rel}","templated":true}]}}