{"id":5812,"date":"2025-12-04T10:43:50","date_gmt":"2025-12-04T09:43:50","guid":{"rendered":"https:\/\/test.kikaxdesign.hr\/?post_type=product&#038;p=5812"},"modified":"2025-12-12T12:32:07","modified_gmt":"2025-12-12T11:32:07","slug":"drveni-usb-stick-srce-usbm64s","status":"publish","type":"product","link":"https:\/\/test.kikaxdesign.hr\/de\/product\/drveni-usb-stick-srce-usbm64s\/","title":{"rendered":"Drveni USB stick srce USBm64s"},"content":{"rendered":"<p>Drvene USB memorije izra\u0111uju se stavljanjem renomiranih proizvo\u0111a\u010da usb memorija u drvene ko\u0161uljice. Radi se o Kingstonovim 3.2 memorijama velikih brzina prijenosa i do\u017eivotne garancije. Osim najprodavanijih klasi\u010dnih \u201ckvadratnih\u201d modela, koji su ne\u0161to ve\u0107e \u0161irine radi lak\u0161eg pozicioniranja laserski graviranog loga, tu su i modeli u obliku srca, te USB memorije u pravoj drvenoj gran\u010dici! Za na\u0161e klasi\u010dne modele USB64 izra\u0111ujemo i drvenu kutijicu sa spu\u017evenim utorom za stick, koja dizajnom slijedi na\u0161e kutije za Photobookove. Najnovija serija stickova i kutija nosi dodatnu oznaku \u201cL\u201d, a radi se o drvenim kutijama i stickovima sa sme\u0111e boje.<\/p>","protected":false},"excerpt":{"rendered":"<p>Kingston 64 gb USB 3.2 memorija u obliku srca<\/p>","protected":false},"featured_media":4072,"template":"","meta":{"_acf_changed":false},"product_brand":[],"product_cat":[130],"product_tag":[],"class_list":{"0":"post-5812","1":"product","2":"type-product","3":"status-publish","4":"has-post-thumbnail","6":"product_cat-drveni-stickovi-i-usb-kutije-drveni-program-za-fotografe","8":"first","9":"instock","10":"taxable","11":"shipping-taxable","12":"purchasable","13":"product-type-bundle"},"bundled_by":[],"bundle_stock_status":"instock","bundle_stock_quantity":"","bundle_virtual":false,"bundle_layout":"default","bundle_add_to_cart_form_location":"default","bundle_editable_in_cart":false,"bundle_sold_individually_context":"product","bundle_item_grouping":"parent","bundle_min_size":"","bundle_max_size":"","bundle_price":{"price":{"min":{"incl_tax":"27.19","excl_tax":"21.75"},"max":{"incl_tax":"35.49","excl_tax":"28.39"}},"regular_price":{"min":{"incl_tax":"27.19","excl_tax":"21.75"},"max":{"incl_tax":"35.49","excl_tax":"28.39"}}},"bundled_items":[{"bundled_item_id":1089,"product_id":3515,"menu_order":0,"quantity_min":1,"quantity_max":1,"quantity_default":1,"priced_individually":true,"shipped_individually":true,"override_title":false,"title":"Laserska gravura loga ili natpisa","override_description":false,"description":"","optional":true,"hide_thumbnail":false,"discount":"","override_variations":false,"allowed_variations":[],"override_default_variation_attributes":false,"default_variation_attributes":[],"single_product_visibility":"visible","cart_visibility":"visible","order_visibility":"visible","single_product_price_visibility":"visible","cart_price_visibility":"visible","order_price_visibility":"visible","stock_status":"in_stock"}],"bundle_sell_ids":[],"exclude_global_add_ons":[],"addons":[],"acf":[],"_links":{"self":[{"href":"https:\/\/test.kikaxdesign.hr\/de\/wp-json\/wp\/v2\/product\/5812","targetHints":{"allow":["GET"]}}],"collection":[{"href":"https:\/\/test.kikaxdesign.hr\/de\/wp-json\/wp\/v2\/product"}],"about":[{"href":"https:\/\/test.kikaxdesign.hr\/de\/wp-json\/wp\/v2\/types\/product"}],"wp:featuredmedia":[{"embeddable":true,"href":"https:\/\/test.kikaxdesign.hr\/de\/wp-json\/wp\/v2\/media\/4072"}],"wp:attachment":[{"href":"https:\/\/test.kikaxdesign.hr\/de\/wp-json\/wp\/v2\/media?parent=5812"}],"wp:term":[{"taxonomy":"product_brand","embeddable":true,"href":"https:\/\/test.kikaxdesign.hr\/de\/wp-json\/wp\/v2\/product_brand?post=5812"},{"taxonomy":"product_cat","embeddable":true,"href":"https:\/\/test.kikaxdesign.hr\/de\/wp-json\/wp\/v2\/product_cat?post=5812"},{"taxonomy":"product_tag","embeddable":true,"href":"https:\/\/test.kikaxdesign.hr\/de\/wp-json\/wp\/v2\/product_tag?post=5812"}],"curies":[{"name":"wp","href":"https:\/\/api.w.org\/{rel}","templated":true}]}}