{"id":5781,"date":"2025-12-03T13:20:53","date_gmt":"2025-12-03T12:20:53","guid":{"rendered":"https:\/\/test.kikaxdesign.hr\/?post_type=product&#038;p=5781"},"modified":"2025-12-10T11:00:50","modified_gmt":"2025-12-10T10:00:50","slug":"drveni-clipboard-za-meni-pm-301a4","status":"publish","type":"product","link":"https:\/\/test.kikaxdesign.hr\/de\/product\/drveni-clipboard-za-meni-pm-301a4\/","title":{"rendered":"Drveni clipboard za meni Pm-301a4"},"content":{"rendered":"<p>Drveni clipboard za meni rade se u vi\u0161e oblika i zavr\u0161ne obrade, po narud\u017ebi za koli\u010dine od minimalno 30 komada.<\/p>","protected":false},"excerpt":{"rendered":"<p>&#8211; A4 lakirani clipboard za kartu<\/p>\n<p>&#8211; izrada po narud\u017ebi za koli\u010dine od minimalno 30 komada<\/p>","protected":false},"featured_media":4195,"template":"","meta":{"_acf_changed":false},"product_brand":[],"product_cat":[133],"product_tag":[],"class_list":{"0":"post-5781","1":"product","2":"type-product","3":"status-publish","4":"has-post-thumbnail","6":"product_cat-drveni-program-za-ugostiteljstvo","8":"first","9":"instock","10":"taxable","11":"shipping-taxable","12":"purchasable","13":"product-type-bundle"},"bundled_by":[],"bundle_stock_status":"instock","bundle_stock_quantity":"","bundle_virtual":false,"bundle_layout":"default","bundle_add_to_cart_form_location":"default","bundle_editable_in_cart":false,"bundle_sold_individually_context":"product","bundle_item_grouping":"parent","bundle_min_size":"","bundle_max_size":"","bundle_price":{"price":{"min":{"incl_tax":"22.50","excl_tax":"18.00"},"max":{"incl_tax":"32.05","excl_tax":"25.64"}},"regular_price":{"min":{"incl_tax":"22.50","excl_tax":"18.00"},"max":{"incl_tax":"32.05","excl_tax":"25.64"}}},"bundled_items":[{"bundled_item_id":1027,"product_id":3515,"menu_order":0,"quantity_min":1,"quantity_max":1,"quantity_default":1,"priced_individually":true,"shipped_individually":true,"override_title":false,"title":"Laserska gravura loga ili natpisa","override_description":false,"description":"","optional":true,"hide_thumbnail":false,"discount":"","override_variations":false,"allowed_variations":[],"override_default_variation_attributes":false,"default_variation_attributes":[],"single_product_visibility":"visible","cart_visibility":"visible","order_visibility":"visible","single_product_price_visibility":"visible","cart_price_visibility":"visible","order_price_visibility":"visible","stock_status":"in_stock"},{"bundled_item_id":1028,"product_id":3513,"menu_order":1,"quantity_min":1,"quantity_max":1,"quantity_default":1,"priced_individually":true,"shipped_individually":false,"override_title":false,"title":"Ispuna dekorativnom drvenom vunicom","override_description":false,"description":"","optional":true,"hide_thumbnail":false,"discount":"","override_variations":false,"allowed_variations":[],"override_default_variation_attributes":false,"default_variation_attributes":[],"single_product_visibility":"visible","cart_visibility":"visible","order_visibility":"visible","single_product_price_visibility":"visible","cart_price_visibility":"visible","order_price_visibility":"visible","stock_status":"in_stock"}],"bundle_sell_ids":[],"exclude_global_add_ons":[],"addons":[],"acf":[],"_links":{"self":[{"href":"https:\/\/test.kikaxdesign.hr\/de\/wp-json\/wp\/v2\/product\/5781","targetHints":{"allow":["GET"]}}],"collection":[{"href":"https:\/\/test.kikaxdesign.hr\/de\/wp-json\/wp\/v2\/product"}],"about":[{"href":"https:\/\/test.kikaxdesign.hr\/de\/wp-json\/wp\/v2\/types\/product"}],"wp:featuredmedia":[{"embeddable":true,"href":"https:\/\/test.kikaxdesign.hr\/de\/wp-json\/wp\/v2\/media\/4195"}],"wp:attachment":[{"href":"https:\/\/test.kikaxdesign.hr\/de\/wp-json\/wp\/v2\/media?parent=5781"}],"wp:term":[{"taxonomy":"product_brand","embeddable":true,"href":"https:\/\/test.kikaxdesign.hr\/de\/wp-json\/wp\/v2\/product_brand?post=5781"},{"taxonomy":"product_cat","embeddable":true,"href":"https:\/\/test.kikaxdesign.hr\/de\/wp-json\/wp\/v2\/product_cat?post=5781"},{"taxonomy":"product_tag","embeddable":true,"href":"https:\/\/test.kikaxdesign.hr\/de\/wp-json\/wp\/v2\/product_tag?post=5781"}],"curies":[{"name":"wp","href":"https:\/\/api.w.org\/{rel}","templated":true}]}}