{"id":5760,"date":"2025-12-03T12:53:02","date_gmt":"2025-12-03T11:53:02","guid":{"rendered":"https:\/\/test.kikaxdesign.hr\/?post_type=product&#038;p=5760"},"modified":"2025-12-10T11:00:52","modified_gmt":"2025-12-10T10:00:52","slug":"drvena-skrinjica-km-121s","status":"publish","type":"product","link":"https:\/\/test.kikaxdesign.hr\/de\/product\/drvena-skrinjica-km-121s\/","title":{"rendered":"Drvena \u0161krinjica Km-121s"},"content":{"rendered":"<p>Drvene \u0161krinjice, prvenstveno kao modeli sa zaobljenim poklopcem od hrastovog furnira, jedinstveni su proizvod na tr\u017ei\u0161tu. U kombinaciji razli\u010ditih veli\u010dina i vrsta okova, lako se dolazi do \u017eeljenog prozvoda za razli\u010dite namjene. Kao alternativa, tu su i manje \u0161krnjice sa ravnim poklopcem, kao model K-221 sa razli\u010ditim okovom. Odnedavno u ponudi se nalaze i \u0161krinjice sa poklopcem od furnira lipe, pogodne za bojanje svjetlijim nijansama boja, \u0161to se kod \u0161ifre proizvoda prepoznaje po dodatku -LP.<\/p>","protected":false},"excerpt":{"rendered":"<p>-srednja \u0161kirnjica sa zaobljenim poklopcem<\/p>","protected":false},"featured_media":4312,"template":"","meta":{"_acf_changed":false},"product_brand":[],"product_cat":[136],"product_tag":[],"class_list":{"0":"post-5760","1":"product","2":"type-product","3":"status-publish","4":"has-post-thumbnail","6":"product_cat-gusarske-i-natur-skrinje-maloprodaja","8":"first","9":"instock","10":"taxable","11":"shipping-taxable","12":"purchasable","13":"product-type-bundle"},"bundled_by":[],"bundle_stock_status":"instock","bundle_stock_quantity":"","bundle_virtual":false,"bundle_layout":"default","bundle_add_to_cart_form_location":"default","bundle_editable_in_cart":false,"bundle_sold_individually_context":"product","bundle_item_grouping":"parent","bundle_min_size":"","bundle_max_size":"","bundle_price":{"price":{"min":{"incl_tax":"14.13","excl_tax":"11.30"},"max":{"incl_tax":"23.68","excl_tax":"18.94"}},"regular_price":{"min":{"incl_tax":"14.13","excl_tax":"11.30"},"max":{"incl_tax":"23.68","excl_tax":"18.94"}}},"bundled_items":[{"bundled_item_id":985,"product_id":3515,"menu_order":0,"quantity_min":1,"quantity_max":1,"quantity_default":1,"priced_individually":true,"shipped_individually":true,"override_title":false,"title":"Laserska gravura loga ili natpisa","override_description":false,"description":"","optional":true,"hide_thumbnail":false,"discount":"","override_variations":false,"allowed_variations":[],"override_default_variation_attributes":false,"default_variation_attributes":[],"single_product_visibility":"visible","cart_visibility":"visible","order_visibility":"visible","single_product_price_visibility":"visible","cart_price_visibility":"visible","order_price_visibility":"visible","stock_status":"in_stock"},{"bundled_item_id":986,"product_id":3513,"menu_order":1,"quantity_min":1,"quantity_max":1,"quantity_default":1,"priced_individually":true,"shipped_individually":false,"override_title":false,"title":"Ispuna dekorativnom drvenom vunicom","override_description":false,"description":"","optional":true,"hide_thumbnail":false,"discount":"","override_variations":false,"allowed_variations":[],"override_default_variation_attributes":false,"default_variation_attributes":[],"single_product_visibility":"visible","cart_visibility":"visible","order_visibility":"visible","single_product_price_visibility":"visible","cart_price_visibility":"visible","order_price_visibility":"visible","stock_status":"in_stock"}],"bundle_sell_ids":[],"exclude_global_add_ons":[],"addons":[],"acf":[],"_links":{"self":[{"href":"https:\/\/test.kikaxdesign.hr\/de\/wp-json\/wp\/v2\/product\/5760","targetHints":{"allow":["GET"]}}],"collection":[{"href":"https:\/\/test.kikaxdesign.hr\/de\/wp-json\/wp\/v2\/product"}],"about":[{"href":"https:\/\/test.kikaxdesign.hr\/de\/wp-json\/wp\/v2\/types\/product"}],"wp:featuredmedia":[{"embeddable":true,"href":"https:\/\/test.kikaxdesign.hr\/de\/wp-json\/wp\/v2\/media\/4312"}],"wp:attachment":[{"href":"https:\/\/test.kikaxdesign.hr\/de\/wp-json\/wp\/v2\/media?parent=5760"}],"wp:term":[{"taxonomy":"product_brand","embeddable":true,"href":"https:\/\/test.kikaxdesign.hr\/de\/wp-json\/wp\/v2\/product_brand?post=5760"},{"taxonomy":"product_cat","embeddable":true,"href":"https:\/\/test.kikaxdesign.hr\/de\/wp-json\/wp\/v2\/product_cat?post=5760"},{"taxonomy":"product_tag","embeddable":true,"href":"https:\/\/test.kikaxdesign.hr\/de\/wp-json\/wp\/v2\/product_tag?post=5760"}],"curies":[{"name":"wp","href":"https:\/\/api.w.org\/{rel}","templated":true}]}}