{"id":4113,"date":"2025-10-12T16:34:10","date_gmt":"2025-10-12T14:34:10","guid":{"rendered":"https:\/\/test.kikaxdesign.hr\/?post_type=product&#038;p=4113"},"modified":"2025-12-12T11:24:16","modified_gmt":"2025-12-12T10:24:16","slug":"drvena-kutija-za-photobook-k-111pb21","status":"publish","type":"product","link":"https:\/\/test.kikaxdesign.hr\/de\/product\/drvena-kutija-za-photobook-k-111pb21\/","title":{"rendered":"Drvena kutija za photobook K-111Pb21"},"content":{"rendered":"<p>Drvene kutije za bookove sa preklopnim poklopcem u standardnom asortimanu se rade u \u010detiri dimenzije, za bookove 21*21cm, 20*30cm, 30*30 cm, te 40*30 cm, s time da potonji ima dodatni prostror od 5 cm sa svake strane, za drveni USB stick ili sli\u010dno. Radi se o kutija ne\u0161to finije obrade no kod klasi\u010dnih K-111 modela, s obzirom na namjenu. Kutije su pogodne za lasersko graviranje.<\/p>\n<p>Noviji modeli dolaze kao varijanta sa kliznim poklopcem, u dvije veli\u010dine \u2013 za book 30*30 i 40*30 cm, te u dvije tehnike obrade \u2013 bru\u0161ena natur varijanta, te sme\u0111a varijanta sa lazurom palisandera, koja je posebno pogodna za 3D CNC gravure loga ili imena.<\/p>","protected":false},"excerpt":{"rendered":"<p>&#8211; preklopna drvena kutija za photobook 21&#215;21 cm<\/p>","protected":false},"featured_media":4114,"template":"","meta":{"_acf_changed":false},"product_brand":[],"product_cat":[144],"product_tag":[],"class_list":{"0":"post-4113","1":"product","2":"type-product","3":"status-publish","4":"has-post-thumbnail","6":"product_cat-preklopne-drvene-kutije-za-photobookove-kutije-za-bookove-drveni-program-za-fotografe-veleprodaja","8":"first","9":"instock","10":"taxable","11":"shipping-taxable","12":"product-type-bundle"},"bundled_by":[],"bundle_stock_status":"instock","bundle_stock_quantity":"","bundle_virtual":false,"bundle_layout":"default","bundle_add_to_cart_form_location":"default","bundle_editable_in_cart":false,"bundle_sold_individually_context":"product","bundle_item_grouping":"parent","bundle_min_size":"","bundle_max_size":"","bundle_price":{"price":{"min":{"incl_tax":"9.23","excl_tax":"7.38"},"max":{"incl_tax":"17.53","excl_tax":"14.02"}},"regular_price":{"min":{"incl_tax":"9.23","excl_tax":"7.38"},"max":{"incl_tax":"17.53","excl_tax":"14.02"}}},"bundled_items":[{"bundled_item_id":365,"product_id":3515,"menu_order":0,"quantity_min":1,"quantity_max":1,"quantity_default":1,"priced_individually":true,"shipped_individually":true,"override_title":false,"title":"Laserska gravura loga ili natpisa","override_description":false,"description":"","optional":true,"hide_thumbnail":false,"discount":"","override_variations":false,"allowed_variations":[],"override_default_variation_attributes":false,"default_variation_attributes":[],"single_product_visibility":"visible","cart_visibility":"visible","order_visibility":"visible","single_product_price_visibility":"visible","cart_price_visibility":"visible","order_price_visibility":"visible","stock_status":"in_stock"}],"bundle_sell_ids":[],"exclude_global_add_ons":[],"addons":[],"acf":[],"_links":{"self":[{"href":"https:\/\/test.kikaxdesign.hr\/de\/wp-json\/wp\/v2\/product\/4113","targetHints":{"allow":["GET"]}}],"collection":[{"href":"https:\/\/test.kikaxdesign.hr\/de\/wp-json\/wp\/v2\/product"}],"about":[{"href":"https:\/\/test.kikaxdesign.hr\/de\/wp-json\/wp\/v2\/types\/product"}],"wp:featuredmedia":[{"embeddable":true,"href":"https:\/\/test.kikaxdesign.hr\/de\/wp-json\/wp\/v2\/media\/4114"}],"wp:attachment":[{"href":"https:\/\/test.kikaxdesign.hr\/de\/wp-json\/wp\/v2\/media?parent=4113"}],"wp:term":[{"taxonomy":"product_brand","embeddable":true,"href":"https:\/\/test.kikaxdesign.hr\/de\/wp-json\/wp\/v2\/product_brand?post=4113"},{"taxonomy":"product_cat","embeddable":true,"href":"https:\/\/test.kikaxdesign.hr\/de\/wp-json\/wp\/v2\/product_cat?post=4113"},{"taxonomy":"product_tag","embeddable":true,"href":"https:\/\/test.kikaxdesign.hr\/de\/wp-json\/wp\/v2\/product_tag?post=4113"}],"curies":[{"name":"wp","href":"https:\/\/api.w.org\/{rel}","templated":true}]}}