{"id":3613,"date":"2025-10-11T15:45:39","date_gmt":"2025-10-11T13:45:39","guid":{"rendered":"https:\/\/test.kikaxdesign.hr\/?post_type=product&#038;p=3613"},"modified":"2025-12-10T11:01:20","modified_gmt":"2025-12-10T10:01:20","slug":"drvena-kutija-za-3-butelje-sperploca-klm-106-3b","status":"publish","type":"product","link":"https:\/\/test.kikaxdesign.hr\/de\/product\/drvena-kutija-za-3-butelje-sperploca-klm-106-3b\/","title":{"rendered":"Drvena kutija za 3 butelje \u0161perplo\u010da KLm-106-3b"},"content":{"rendered":"<p>Drvene kutije sa kliznim poklopcem za butelje vina alternativa su klasi\u010dnim kutijama sa preklopnim poklopcem. Kao prednost isti\u010de se ru\u010dka od prirodnog materijala (sisal) koja \u010dini drvenu kutiju prakti\u010dnom za no\u0161enje. Ve\u0107i pak modeli za 6 i 12 boca zbog svoje visoke kvalitete zavr\u0161ne obrade (bru\u0161enje svih stranica), osim namjene transporta butelja vina, sve \u010de\u0161\u0107e, uz graviranje loga, slu\u017ee i kao ambala\u017ea za poslovne poklone.<\/p>\n<p>Jeftiniji segment kutija zatvaraju kutije od \u0161perplo\u010de breze ili topole sa sinteti\u010dkom ru\u010dkom, modeli KL-106 za jednu, dvije ili pak tri butelje, bez pregrada.<\/p>","protected":false},"excerpt":{"rendered":"<p>&#8211; sa kliznim poklopcem i pletenom ru\u010dkom za no\u0161enje<\/p>","protected":false},"featured_media":3614,"template":"","meta":{"_acf_changed":false},"product_brand":[],"product_cat":[42],"product_tag":[],"class_list":{"0":"post-3613","1":"product","2":"type-product","3":"status-publish","4":"has-post-thumbnail","6":"product_cat-drvene-kutije-i-nosiljke-za-vina-i-rakije","8":"first","9":"instock","10":"taxable","11":"shipping-taxable","12":"purchasable","13":"product-type-bundle"},"bundled_by":[],"bundle_stock_status":"instock","bundle_stock_quantity":"","bundle_virtual":false,"bundle_layout":"default","bundle_add_to_cart_form_location":"default","bundle_editable_in_cart":false,"bundle_sold_individually_context":"product","bundle_item_grouping":"parent","bundle_min_size":"","bundle_max_size":"","bundle_price":{"price":{"min":{"incl_tax":"17.20","excl_tax":"13.76"},"max":{"incl_tax":"26.75","excl_tax":"21.4"}},"regular_price":{"min":{"incl_tax":"17.20","excl_tax":"13.76"},"max":{"incl_tax":"26.75","excl_tax":"21.4"}}},"bundled_items":[{"bundled_item_id":37,"product_id":3515,"menu_order":0,"quantity_min":1,"quantity_max":1,"quantity_default":1,"priced_individually":true,"shipped_individually":true,"override_title":false,"title":"Laserska gravura","override_description":false,"description":"","optional":true,"hide_thumbnail":false,"discount":"","override_variations":false,"allowed_variations":[],"override_default_variation_attributes":false,"default_variation_attributes":[],"single_product_visibility":"visible","cart_visibility":"visible","order_visibility":"visible","single_product_price_visibility":"visible","cart_price_visibility":"visible","order_price_visibility":"visible","stock_status":"in_stock"},{"bundled_item_id":38,"product_id":3513,"menu_order":1,"quantity_min":1,"quantity_max":1,"quantity_default":1,"priced_individually":true,"shipped_individually":false,"override_title":false,"title":"Ispuna dekorativnom drvenom vunicom","override_description":false,"description":"","optional":true,"hide_thumbnail":false,"discount":"","override_variations":false,"allowed_variations":[],"override_default_variation_attributes":false,"default_variation_attributes":[],"single_product_visibility":"visible","cart_visibility":"visible","order_visibility":"visible","single_product_price_visibility":"visible","cart_price_visibility":"visible","order_price_visibility":"visible","stock_status":"in_stock"}],"bundle_sell_ids":[],"exclude_global_add_ons":[],"addons":[],"acf":[],"_links":{"self":[{"href":"https:\/\/test.kikaxdesign.hr\/de\/wp-json\/wp\/v2\/product\/3613","targetHints":{"allow":["GET"]}}],"collection":[{"href":"https:\/\/test.kikaxdesign.hr\/de\/wp-json\/wp\/v2\/product"}],"about":[{"href":"https:\/\/test.kikaxdesign.hr\/de\/wp-json\/wp\/v2\/types\/product"}],"wp:featuredmedia":[{"embeddable":true,"href":"https:\/\/test.kikaxdesign.hr\/de\/wp-json\/wp\/v2\/media\/3614"}],"wp:attachment":[{"href":"https:\/\/test.kikaxdesign.hr\/de\/wp-json\/wp\/v2\/media?parent=3613"}],"wp:term":[{"taxonomy":"product_brand","embeddable":true,"href":"https:\/\/test.kikaxdesign.hr\/de\/wp-json\/wp\/v2\/product_brand?post=3613"},{"taxonomy":"product_cat","embeddable":true,"href":"https:\/\/test.kikaxdesign.hr\/de\/wp-json\/wp\/v2\/product_cat?post=3613"},{"taxonomy":"product_tag","embeddable":true,"href":"https:\/\/test.kikaxdesign.hr\/de\/wp-json\/wp\/v2\/product_tag?post=3613"}],"curies":[{"name":"wp","href":"https:\/\/api.w.org\/{rel}","templated":true}]}}